{"id":5171,"date":"2017-06-14T20:57:18","date_gmt":"2017-06-14T18:57:18","guid":{"rendered":"https:\/\/macrop.us\/canvis-i-devolucions\/"},"modified":"2025-11-27T11:15:34","modified_gmt":"2025-11-27T10:15:34","slug":"canvis-i-devolucions","status":"publish","type":"page","link":"https:\/\/macrop.us\/ca\/canvis-i-devolucions\/","title":{"rendered":"Canvis i devolucions"},"content":{"rendered":"\n<h1>Canvis i devolucions<\/h1>\n<p>Si per qualsevol motiu no queda satisfet amb l\u2019abric macropus adquirit a la botiga online de <a href=\"https:\/\/macrop.us\/ca\/\">www.macrop.us<\/a>, tens 14 dies naturals des de la data de la compra per tal de fer la devoluci\u00f3.<\/p>\n<p>Per a la devoluci\u00f3, l\u2019abric ha d\u2019estar en les mateixes condicions en les quals el vas rebre, amb tots els seus accessoris i\/o documentaci\u00f3 (albar\u00e0, factura o tiquet de compra) i dins del seu embalatge original.<\/p>\n<p>Aix\u00f2 implica que els articles (que nom\u00e9s hauran estat provats) no presentaran danys ni brut\u00edcia, no s\u2019hauran rentat, alterat o desgastat i que totes les etiquetes estaran intactes.Com a justificant per a la devoluci\u00f3, et recomanem guardar el rebut del missatger com a comprovant d\u2019entrega del paquet.<\/p>\n<p>Les devolucions s\u2019hauran d\u2019enviar a la nostra central macropus E-Commerce. <strong>macropus no es far\u00e0 c\u00e0rrec del cost d\u2019enviament.<\/strong><\/p>\n<p><strong>macropus<\/strong><strong>\u00a0<\/strong><strong>Dept. E-Commerce (devolucions)<\/strong><strong><br \/>C\/ Vilanova 13 \u2013 08241 Manresa (Barcelona)<\/strong><\/p>\n<p>Per completar la devoluci\u00f3 del teu article, haur\u00e0s d\u2019enviar-nos un correu electr\u00f2nic a <a href=\"mailto:info@en-construccio.link\">info@macrop.us<\/a> indicant en el concepte si es tracta d\u2019un canvi o una devoluci\u00f3 i detallant en el correu electr\u00f2nic el n\u00famero de comanda, el nom del titular de la targeta del sistema de pagament escollit. El reemborsament de l\u2019import es processar\u00e0 de la mateixa manera que hagi estat el pagament, dins dels 14 dies naturals seg\u00fcents a la recepci\u00f3 i comprovaci\u00f3 de la mercaderia.<\/p>\n<p>\u00a0<\/p>\n\n","protected":false},"excerpt":{"rendered":"","protected":false},"author":1,"featured_media":0,"parent":0,"menu_order":0,"comment_status":"closed","ping_status":"closed","template":"","meta":{"_joinchat":[],"footnotes":""},"class_list":["post-5171","page","type-page","status-publish","hentry"],"yoast_head":"<!-- This site is optimized with the Yoast SEO plugin v27.2 - https:\/\/yoast.com\/product\/yoast-seo-wordpress\/ -->\n<title>Canvis i devolucions - Macropus<\/title>\n<meta name=\"description\" content=\"Canvis i devolucions - Macropus\" \/>\n<meta name=\"robots\" content=\"index, follow, max-snippet:-1, max-image-preview:large, max-video-preview:-1\" \/>\n<link rel=\"canonical\" href=\"https:\/\/macrop.us\/ca\/canvis-i-devolucions\/\" \/>\n<meta property=\"og:locale\" content=\"ca_ES\" \/>\n<meta property=\"og:type\" content=\"article\" \/>\n<meta property=\"og:title\" content=\"Canvis i devolucions - Macropus\" \/>\n<meta property=\"og:description\" content=\"Canvis i devolucions - Macropus\" \/>\n<meta property=\"og:url\" content=\"https:\/\/macrop.us\/ca\/canvis-i-devolucions\/\" \/>\n<meta property=\"og:site_name\" content=\"Macropus\" \/>\n<meta property=\"article:publisher\" content=\"https:\/\/www.facebook.com\/MixiwNotebooks\/\" \/>\n<meta property=\"article:modified_time\" content=\"2025-11-27T10:15:34+00:00\" \/>\n<meta name=\"twitter:card\" content=\"summary_large_image\" \/>\n<meta name=\"twitter:site\" content=\"@mixiwnotebooks\" \/>\n<meta name=\"twitter:label1\" content=\"Est. reading time\" \/>\n\t<meta name=\"twitter:data1\" content=\"1 minute\" \/>\n<script type=\"application\/ld+json\" class=\"yoast-schema-graph\">{\"@context\":\"https:\/\/schema.org\",\"@graph\":[{\"@type\":\"WebPage\",\"@id\":\"https:\/\/macrop.us\/ca\/canvis-i-devolucions\/\",\"url\":\"https:\/\/macrop.us\/ca\/canvis-i-devolucions\/\",\"name\":\"Canvis i devolucions - Macropus\",\"isPartOf\":{\"@id\":\"https:\/\/macrop.us\/ca\/#website\"},\"datePublished\":\"2017-06-14T18:57:18+00:00\",\"dateModified\":\"2025-11-27T10:15:34+00:00\",\"description\":\"Canvis i devolucions - Macropus\",\"breadcrumb\":{\"@id\":\"https:\/\/macrop.us\/ca\/canvis-i-devolucions\/#breadcrumb\"},\"inLanguage\":\"ca-ES\",\"potentialAction\":[{\"@type\":\"ReadAction\",\"target\":[\"https:\/\/macrop.us\/ca\/canvis-i-devolucions\/\"]}]},{\"@type\":\"BreadcrumbList\",\"@id\":\"https:\/\/macrop.us\/ca\/canvis-i-devolucions\/#breadcrumb\",\"itemListElement\":[{\"@type\":\"ListItem\",\"position\":1,\"name\":\"Home\",\"item\":\"https:\/\/macrop.us\/ca\/\"},{\"@type\":\"ListItem\",\"position\":2,\"name\":\"Canvis i devolucions\"}]},{\"@type\":\"WebSite\",\"@id\":\"https:\/\/macrop.us\/ca\/#website\",\"url\":\"https:\/\/macrop.us\/ca\/\",\"name\":\"Macropus\",\"description\":\"beating together\",\"publisher\":{\"@id\":\"https:\/\/macrop.us\/ca\/#organization\"},\"potentialAction\":[{\"@type\":\"SearchAction\",\"target\":{\"@type\":\"EntryPoint\",\"urlTemplate\":\"https:\/\/macrop.us\/ca\/?s={search_term_string}\"},\"query-input\":{\"@type\":\"PropertyValueSpecification\",\"valueRequired\":true,\"valueName\":\"search_term_string\"}}],\"inLanguage\":\"ca-ES\"},{\"@type\":\"Organization\",\"@id\":\"https:\/\/macrop.us\/ca\/#organization\",\"name\":\"Mixiw Notebooks\",\"url\":\"https:\/\/macrop.us\/ca\/\",\"logo\":{\"@type\":\"ImageObject\",\"inLanguage\":\"ca-ES\",\"@id\":\"https:\/\/macrop.us\/ca\/#\/schema\/logo\/image\/\",\"url\":\"https:\/\/macrop.us\/wp-content\/uploads\/2017\/03\/logo-mixiw-web.png\",\"contentUrl\":\"https:\/\/macrop.us\/wp-content\/uploads\/2017\/03\/logo-mixiw-web.png\",\"width\":175,\"height\":61,\"caption\":\"Mixiw Notebooks\"},\"image\":{\"@id\":\"https:\/\/macrop.us\/ca\/#\/schema\/logo\/image\/\"},\"sameAs\":[\"https:\/\/www.facebook.com\/MixiwNotebooks\/\",\"https:\/\/x.com\/mixiwnotebooks\",\"https:\/\/www.instagram.com\/mixiwnotebooks\/\",\"https:\/\/es.pinterest.com\/mixiwnotebooks\/\",\"https:\/\/www.youtube.com\/channel\/UC1bz7dja_O_bfGkFkmVf0XQ\"]}]}<\/script>\n<!-- \/ Yoast SEO plugin. -->","yoast_head_json":{"title":"Canvis i devolucions - Macropus","description":"Canvis i devolucions - Macropus","robots":{"index":"index","follow":"follow","max-snippet":"max-snippet:-1","max-image-preview":"max-image-preview:large","max-video-preview":"max-video-preview:-1"},"canonical":"https:\/\/macrop.us\/ca\/canvis-i-devolucions\/","og_locale":"ca_ES","og_type":"article","og_title":"Canvis i devolucions - Macropus","og_description":"Canvis i devolucions - Macropus","og_url":"https:\/\/macrop.us\/ca\/canvis-i-devolucions\/","og_site_name":"Macropus","article_publisher":"https:\/\/www.facebook.com\/MixiwNotebooks\/","article_modified_time":"2025-11-27T10:15:34+00:00","twitter_card":"summary_large_image","twitter_site":"@mixiwnotebooks","twitter_misc":{"Est. reading time":"1 minute"},"schema":{"@context":"https:\/\/schema.org","@graph":[{"@type":"WebPage","@id":"https:\/\/macrop.us\/ca\/canvis-i-devolucions\/","url":"https:\/\/macrop.us\/ca\/canvis-i-devolucions\/","name":"Canvis i devolucions - Macropus","isPartOf":{"@id":"https:\/\/macrop.us\/ca\/#website"},"datePublished":"2017-06-14T18:57:18+00:00","dateModified":"2025-11-27T10:15:34+00:00","description":"Canvis i devolucions - Macropus","breadcrumb":{"@id":"https:\/\/macrop.us\/ca\/canvis-i-devolucions\/#breadcrumb"},"inLanguage":"ca-ES","potentialAction":[{"@type":"ReadAction","target":["https:\/\/macrop.us\/ca\/canvis-i-devolucions\/"]}]},{"@type":"BreadcrumbList","@id":"https:\/\/macrop.us\/ca\/canvis-i-devolucions\/#breadcrumb","itemListElement":[{"@type":"ListItem","position":1,"name":"Home","item":"https:\/\/macrop.us\/ca\/"},{"@type":"ListItem","position":2,"name":"Canvis i devolucions"}]},{"@type":"WebSite","@id":"https:\/\/macrop.us\/ca\/#website","url":"https:\/\/macrop.us\/ca\/","name":"Macropus","description":"beating together","publisher":{"@id":"https:\/\/macrop.us\/ca\/#organization"},"potentialAction":[{"@type":"SearchAction","target":{"@type":"EntryPoint","urlTemplate":"https:\/\/macrop.us\/ca\/?s={search_term_string}"},"query-input":{"@type":"PropertyValueSpecification","valueRequired":true,"valueName":"search_term_string"}}],"inLanguage":"ca-ES"},{"@type":"Organization","@id":"https:\/\/macrop.us\/ca\/#organization","name":"Mixiw Notebooks","url":"https:\/\/macrop.us\/ca\/","logo":{"@type":"ImageObject","inLanguage":"ca-ES","@id":"https:\/\/macrop.us\/ca\/#\/schema\/logo\/image\/","url":"https:\/\/macrop.us\/wp-content\/uploads\/2017\/03\/logo-mixiw-web.png","contentUrl":"https:\/\/macrop.us\/wp-content\/uploads\/2017\/03\/logo-mixiw-web.png","width":175,"height":61,"caption":"Mixiw Notebooks"},"image":{"@id":"https:\/\/macrop.us\/ca\/#\/schema\/logo\/image\/"},"sameAs":["https:\/\/www.facebook.com\/MixiwNotebooks\/","https:\/\/x.com\/mixiwnotebooks","https:\/\/www.instagram.com\/mixiwnotebooks\/","https:\/\/es.pinterest.com\/mixiwnotebooks\/","https:\/\/www.youtube.com\/channel\/UC1bz7dja_O_bfGkFkmVf0XQ"]}]}},"jetpack_shortlink":"https:\/\/wp.me\/PaTr3H-1lp","jetpack_sharing_enabled":true,"_links":{"self":[{"href":"https:\/\/macrop.us\/ca\/wp-json\/wp\/v2\/pages\/5171","targetHints":{"allow":["GET"]}}],"collection":[{"href":"https:\/\/macrop.us\/ca\/wp-json\/wp\/v2\/pages"}],"about":[{"href":"https:\/\/macrop.us\/ca\/wp-json\/wp\/v2\/types\/page"}],"author":[{"embeddable":true,"href":"https:\/\/macrop.us\/ca\/wp-json\/wp\/v2\/users\/1"}],"replies":[{"embeddable":true,"href":"https:\/\/macrop.us\/ca\/wp-json\/wp\/v2\/comments?post=5171"}],"version-history":[{"count":0,"href":"https:\/\/macrop.us\/ca\/wp-json\/wp\/v2\/pages\/5171\/revisions"}],"wp:attachment":[{"href":"https:\/\/macrop.us\/ca\/wp-json\/wp\/v2\/media?parent=5171"}],"curies":[{"name":"wp","href":"https:\/\/api.w.org\/{rel}","templated":true}]}}