{"id":29078,"date":"2021-02-06T17:53:34","date_gmt":"2021-02-06T16:53:34","guid":{"rendered":"https:\/\/macrop.us\/product\/collaret-ambar\/"},"modified":"2021-02-06T18:48:54","modified_gmt":"2021-02-06T17:48:54","slug":"collaret-ambar","status":"publish","type":"product","link":"https:\/\/macrop.us\/ca\/shop\/collarets\/collaret-ambar\/","title":{"rendered":"Collaret Ambre"},"content":{"rendered":"<p>Collaret d&#8217;ambre d&#8217;Aurora Joyas Naturales, fet amb ambre b\u00e0ltic original, una resina vegetal fossilitzada que cont\u00e9 \u00e0cid succ\u00ednic, un analg\u00e8sic natural que actua en contacte amb la pell dels nadons, alleujant els dolors en l&#8217;etapa de dentici\u00f3 i contribuint a enfortir el sistema immunol\u00f2gic.<\/p>\n<p>Mesura 32cm, apte per nadons de 2\/3 anys.<\/p>\n","protected":false},"excerpt":{"rendered":"<p>Collaret d&#8217;ambre d&#8217;Aurora Joyas Naturales, fet amb ambre b\u00e0ltic original, una resina vegetal fossilitzada que cont\u00e9 \u00e0cid succ\u00ednic, un analg\u00e8sic natural que actua en contacte amb la pell dels nadons, alleujant els dolors en l&#8217;etapa de dentici\u00f3 i contribuint a enfortir el sistema immunol\u00f2gic. Mesura 32cm, apte per nadons de 2\/3 anys.<\/p>\n","protected":false},"featured_media":29068,"template":"","meta":{"_joinchat":[]},"product_brand":[],"product_cat":[197],"product_tag":[],"class_list":{"0":"post-29078","1":"product","2":"type-product","3":"status-publish","4":"has-post-thumbnail","6":"product_cat-collarets","8":"first","9":"outofstock","10":"taxable","11":"shipping-taxable","12":"purchasable","13":"product-type-simple"},"yoast_head":"<!-- This site is optimized with the Yoast SEO plugin v27.2 - https:\/\/yoast.com\/product\/yoast-seo-wordpress\/ -->\n<title>Collaret Ambre - Macropus<\/title>\n<meta name=\"description\" content=\"Collaret Ambre - Macropus\" \/>\n<meta name=\"robots\" content=\"index, follow, max-snippet:-1, max-image-preview:large, max-video-preview:-1\" \/>\n<link rel=\"canonical\" href=\"https:\/\/macrop.us\/ca\/shop\/collarets\/collaret-ambar\/\" \/>\n<meta property=\"og:locale\" content=\"ca_ES\" \/>\n<meta property=\"og:type\" content=\"article\" \/>\n<meta property=\"og:title\" content=\"Collaret Ambre - Macropus\" \/>\n<meta property=\"og:description\" content=\"Collaret Ambre - Macropus\" \/>\n<meta property=\"og:url\" content=\"https:\/\/macrop.us\/ca\/shop\/collarets\/collaret-ambar\/\" \/>\n<meta property=\"og:site_name\" content=\"Macropus\" \/>\n<meta property=\"article:publisher\" content=\"https:\/\/www.facebook.com\/MixiwNotebooks\/\" \/>\n<meta property=\"article:modified_time\" content=\"2021-02-06T17:48:54+00:00\" \/>\n<meta property=\"og:image\" content=\"https:\/\/macrop.us\/wp-content\/uploads\/2021\/02\/carmela-01.jpg\" \/>\n\t<meta property=\"og:image:width\" content=\"1333\" \/>\n\t<meta property=\"og:image:height\" content=\"1333\" \/>\n\t<meta property=\"og:image:type\" content=\"image\/jpeg\" \/>\n<meta name=\"twitter:card\" content=\"summary_large_image\" \/>\n<meta name=\"twitter:site\" content=\"@mixiwnotebooks\" \/>\n<script type=\"application\/ld+json\" class=\"yoast-schema-graph\">{\"@context\":\"https:\/\/schema.org\",\"@graph\":[{\"@type\":\"WebPage\",\"@id\":\"https:\/\/macrop.us\/ca\/shop\/collarets\/collaret-ambar\/\",\"url\":\"https:\/\/macrop.us\/ca\/shop\/collarets\/collaret-ambar\/\",\"name\":\"Collaret Ambre - Macropus\",\"isPartOf\":{\"@id\":\"https:\/\/macrop.us\/ca\/#website\"},\"primaryImageOfPage\":{\"@id\":\"https:\/\/macrop.us\/ca\/shop\/collarets\/collaret-ambar\/#primaryimage\"},\"image\":{\"@id\":\"https:\/\/macrop.us\/ca\/shop\/collarets\/collaret-ambar\/#primaryimage\"},\"thumbnailUrl\":\"https:\/\/macrop.us\/wp-content\/uploads\/2021\/02\/carmela-01.jpg\",\"datePublished\":\"2021-02-06T16:53:34+00:00\",\"dateModified\":\"2021-02-06T17:48:54+00:00\",\"description\":\"Collaret Ambre - Macropus\",\"breadcrumb\":{\"@id\":\"https:\/\/macrop.us\/ca\/shop\/collarets\/collaret-ambar\/#breadcrumb\"},\"inLanguage\":\"ca-ES\",\"potentialAction\":[{\"@type\":\"ReadAction\",\"target\":[\"https:\/\/macrop.us\/ca\/shop\/collarets\/collaret-ambar\/\"]}]},{\"@type\":\"ImageObject\",\"inLanguage\":\"ca-ES\",\"@id\":\"https:\/\/macrop.us\/ca\/shop\/collarets\/collaret-ambar\/#primaryimage\",\"url\":\"https:\/\/macrop.us\/wp-content\/uploads\/2021\/02\/carmela-01.jpg\",\"contentUrl\":\"https:\/\/macrop.us\/wp-content\/uploads\/2021\/02\/carmela-01.jpg\",\"width\":1333,\"height\":1333},{\"@type\":\"BreadcrumbList\",\"@id\":\"https:\/\/macrop.us\/ca\/shop\/collarets\/collaret-ambar\/#breadcrumb\",\"itemListElement\":[{\"@type\":\"ListItem\",\"position\":1,\"name\":\"Home\",\"item\":\"https:\/\/macrop.us\/ca\/\"},{\"@type\":\"ListItem\",\"position\":2,\"name\":\"Botiga\",\"item\":\"https:\/\/macrop.us\/ca\/shop\/\"},{\"@type\":\"ListItem\",\"position\":3,\"name\":\"Collaret Ambre\"}]},{\"@type\":\"WebSite\",\"@id\":\"https:\/\/macrop.us\/ca\/#website\",\"url\":\"https:\/\/macrop.us\/ca\/\",\"name\":\"Macropus\",\"description\":\"beating together\",\"publisher\":{\"@id\":\"https:\/\/macrop.us\/ca\/#organization\"},\"potentialAction\":[{\"@type\":\"SearchAction\",\"target\":{\"@type\":\"EntryPoint\",\"urlTemplate\":\"https:\/\/macrop.us\/ca\/?s={search_term_string}\"},\"query-input\":{\"@type\":\"PropertyValueSpecification\",\"valueRequired\":true,\"valueName\":\"search_term_string\"}}],\"inLanguage\":\"ca-ES\"},{\"@type\":\"Organization\",\"@id\":\"https:\/\/macrop.us\/ca\/#organization\",\"name\":\"Mixiw Notebooks\",\"url\":\"https:\/\/macrop.us\/ca\/\",\"logo\":{\"@type\":\"ImageObject\",\"inLanguage\":\"ca-ES\",\"@id\":\"https:\/\/macrop.us\/ca\/#\/schema\/logo\/image\/\",\"url\":\"https:\/\/macrop.us\/wp-content\/uploads\/2017\/03\/logo-mixiw-web.png\",\"contentUrl\":\"https:\/\/macrop.us\/wp-content\/uploads\/2017\/03\/logo-mixiw-web.png\",\"width\":175,\"height\":61,\"caption\":\"Mixiw Notebooks\"},\"image\":{\"@id\":\"https:\/\/macrop.us\/ca\/#\/schema\/logo\/image\/\"},\"sameAs\":[\"https:\/\/www.facebook.com\/MixiwNotebooks\/\",\"https:\/\/x.com\/mixiwnotebooks\",\"https:\/\/www.instagram.com\/mixiwnotebooks\/\",\"https:\/\/es.pinterest.com\/mixiwnotebooks\/\",\"https:\/\/www.youtube.com\/channel\/UC1bz7dja_O_bfGkFkmVf0XQ\"]}]}<\/script>\n<!-- \/ Yoast SEO plugin. -->","yoast_head_json":{"title":"Collaret Ambre - Macropus","description":"Collaret Ambre - Macropus","robots":{"index":"index","follow":"follow","max-snippet":"max-snippet:-1","max-image-preview":"max-image-preview:large","max-video-preview":"max-video-preview:-1"},"canonical":"https:\/\/macrop.us\/ca\/shop\/collarets\/collaret-ambar\/","og_locale":"ca_ES","og_type":"article","og_title":"Collaret Ambre - Macropus","og_description":"Collaret Ambre - Macropus","og_url":"https:\/\/macrop.us\/ca\/shop\/collarets\/collaret-ambar\/","og_site_name":"Macropus","article_publisher":"https:\/\/www.facebook.com\/MixiwNotebooks\/","article_modified_time":"2021-02-06T17:48:54+00:00","og_image":[{"width":1333,"height":1333,"url":"https:\/\/macrop.us\/wp-content\/uploads\/2021\/02\/carmela-01.jpg","type":"image\/jpeg"}],"twitter_card":"summary_large_image","twitter_site":"@mixiwnotebooks","schema":{"@context":"https:\/\/schema.org","@graph":[{"@type":"WebPage","@id":"https:\/\/macrop.us\/ca\/shop\/collarets\/collaret-ambar\/","url":"https:\/\/macrop.us\/ca\/shop\/collarets\/collaret-ambar\/","name":"Collaret Ambre - Macropus","isPartOf":{"@id":"https:\/\/macrop.us\/ca\/#website"},"primaryImageOfPage":{"@id":"https:\/\/macrop.us\/ca\/shop\/collarets\/collaret-ambar\/#primaryimage"},"image":{"@id":"https:\/\/macrop.us\/ca\/shop\/collarets\/collaret-ambar\/#primaryimage"},"thumbnailUrl":"https:\/\/macrop.us\/wp-content\/uploads\/2021\/02\/carmela-01.jpg","datePublished":"2021-02-06T16:53:34+00:00","dateModified":"2021-02-06T17:48:54+00:00","description":"Collaret Ambre - Macropus","breadcrumb":{"@id":"https:\/\/macrop.us\/ca\/shop\/collarets\/collaret-ambar\/#breadcrumb"},"inLanguage":"ca-ES","potentialAction":[{"@type":"ReadAction","target":["https:\/\/macrop.us\/ca\/shop\/collarets\/collaret-ambar\/"]}]},{"@type":"ImageObject","inLanguage":"ca-ES","@id":"https:\/\/macrop.us\/ca\/shop\/collarets\/collaret-ambar\/#primaryimage","url":"https:\/\/macrop.us\/wp-content\/uploads\/2021\/02\/carmela-01.jpg","contentUrl":"https:\/\/macrop.us\/wp-content\/uploads\/2021\/02\/carmela-01.jpg","width":1333,"height":1333},{"@type":"BreadcrumbList","@id":"https:\/\/macrop.us\/ca\/shop\/collarets\/collaret-ambar\/#breadcrumb","itemListElement":[{"@type":"ListItem","position":1,"name":"Home","item":"https:\/\/macrop.us\/ca\/"},{"@type":"ListItem","position":2,"name":"Botiga","item":"https:\/\/macrop.us\/ca\/shop\/"},{"@type":"ListItem","position":3,"name":"Collaret Ambre"}]},{"@type":"WebSite","@id":"https:\/\/macrop.us\/ca\/#website","url":"https:\/\/macrop.us\/ca\/","name":"Macropus","description":"beating together","publisher":{"@id":"https:\/\/macrop.us\/ca\/#organization"},"potentialAction":[{"@type":"SearchAction","target":{"@type":"EntryPoint","urlTemplate":"https:\/\/macrop.us\/ca\/?s={search_term_string}"},"query-input":{"@type":"PropertyValueSpecification","valueRequired":true,"valueName":"search_term_string"}}],"inLanguage":"ca-ES"},{"@type":"Organization","@id":"https:\/\/macrop.us\/ca\/#organization","name":"Mixiw Notebooks","url":"https:\/\/macrop.us\/ca\/","logo":{"@type":"ImageObject","inLanguage":"ca-ES","@id":"https:\/\/macrop.us\/ca\/#\/schema\/logo\/image\/","url":"https:\/\/macrop.us\/wp-content\/uploads\/2017\/03\/logo-mixiw-web.png","contentUrl":"https:\/\/macrop.us\/wp-content\/uploads\/2017\/03\/logo-mixiw-web.png","width":175,"height":61,"caption":"Mixiw Notebooks"},"image":{"@id":"https:\/\/macrop.us\/ca\/#\/schema\/logo\/image\/"},"sameAs":["https:\/\/www.facebook.com\/MixiwNotebooks\/","https:\/\/x.com\/mixiwnotebooks","https:\/\/www.instagram.com\/mixiwnotebooks\/","https:\/\/es.pinterest.com\/mixiwnotebooks\/","https:\/\/www.youtube.com\/channel\/UC1bz7dja_O_bfGkFkmVf0XQ"]}]}},"jetpack_sharing_enabled":true,"_links":{"self":[{"href":"https:\/\/macrop.us\/ca\/wp-json\/wp\/v2\/product\/29078","targetHints":{"allow":["GET"]}}],"collection":[{"href":"https:\/\/macrop.us\/ca\/wp-json\/wp\/v2\/product"}],"about":[{"href":"https:\/\/macrop.us\/ca\/wp-json\/wp\/v2\/types\/product"}],"wp:featuredmedia":[{"embeddable":true,"href":"https:\/\/macrop.us\/ca\/wp-json\/wp\/v2\/media\/29068"}],"wp:attachment":[{"href":"https:\/\/macrop.us\/ca\/wp-json\/wp\/v2\/media?parent=29078"}],"wp:term":[{"taxonomy":"product_brand","embeddable":true,"href":"https:\/\/macrop.us\/ca\/wp-json\/wp\/v2\/product_brand?post=29078"},{"taxonomy":"product_cat","embeddable":true,"href":"https:\/\/macrop.us\/ca\/wp-json\/wp\/v2\/product_cat?post=29078"},{"taxonomy":"product_tag","embeddable":true,"href":"https:\/\/macrop.us\/ca\/wp-json\/wp\/v2\/product_tag?post=29078"}],"curies":[{"name":"wp","href":"https:\/\/api.w.org\/{rel}","templated":true}]}}