{"id":34822,"date":"2022-03-09T19:08:11","date_gmt":"2022-03-09T18:08:11","guid":{"rendered":"https:\/\/macrop.us\/?post_type=product&#038;p=34822"},"modified":"2025-12-16T20:51:32","modified_gmt":"2025-12-16T19:51:32","slug":"dessuadora-porteig-embaras-i-estandard-caqui-insertable-talla-gran-copia","status":"publish","type":"product","link":"https:\/\/macrop.us\/ca\/shop\/dessuadora-porteig\/dessuadora-porteig-embaras-i-estandard-caqui-insertable-talla-gran-copia\/","title":{"rendered":"Dessuadora porteig, embar\u00e0s i est\u00e0ndard caqui + insertable &#8211; Talla gran"},"content":{"rendered":"","protected":false},"excerpt":{"rendered":"<p>Abric de porteig, embar\u00e0s i est\u00e0ndard.<\/p>\n<p>Dessuadora primavera i tardor.<\/p>\n<p>Color caqui amb estampat gris.<\/p>\n<p>Inclou un insertable extra per fer servir la dessuadora de forma normal.<\/p>\n","protected":false},"featured_media":34813,"template":"","meta":{"_joinchat":[]},"product_brand":[],"product_cat":[184],"product_tag":[],"class_list":{"0":"post-34822","1":"product","2":"type-product","3":"status-publish","4":"has-post-thumbnail","6":"product_cat-dessuadora-porteig","8":"first","9":"instock","10":"taxable","11":"shipping-taxable","12":"purchasable","13":"product-type-simple"},"yoast_head":"<!-- This site is optimized with the Yoast SEO plugin v27.2 - https:\/\/yoast.com\/product\/yoast-seo-wordpress\/ -->\n<title>Dessuadora porteig, embar\u00e0s i est\u00e0ndard caqui + insertable - Talla gran - Macropus<\/title>\n<meta name=\"description\" content=\"Dessuadora porteig, embar\u00e0s i est\u00e0ndard caqui + insertable - Talla gran - Macropus\" \/>\n<meta name=\"robots\" content=\"index, follow, max-snippet:-1, max-image-preview:large, max-video-preview:-1\" \/>\n<link rel=\"canonical\" href=\"https:\/\/macrop.us\/ca\/shop\/dessuadora-porteig\/dessuadora-porteig-embaras-i-estandard-caqui-insertable-talla-gran-copia\/\" \/>\n<meta property=\"og:locale\" content=\"ca_ES\" \/>\n<meta property=\"og:type\" content=\"article\" \/>\n<meta property=\"og:title\" content=\"Dessuadora porteig, embar\u00e0s i est\u00e0ndard caqui + insertable - Talla gran - Macropus\" \/>\n<meta property=\"og:description\" content=\"Dessuadora porteig, embar\u00e0s i est\u00e0ndard caqui + insertable - Talla gran - Macropus\" \/>\n<meta property=\"og:url\" content=\"https:\/\/macrop.us\/ca\/shop\/dessuadora-porteig\/dessuadora-porteig-embaras-i-estandard-caqui-insertable-talla-gran-copia\/\" \/>\n<meta property=\"og:site_name\" content=\"Macropus\" \/>\n<meta property=\"article:publisher\" content=\"https:\/\/www.facebook.com\/MixiwNotebooks\/\" \/>\n<meta property=\"article:modified_time\" content=\"2025-12-16T19:51:32+00:00\" \/>\n<meta property=\"og:image\" content=\"https:\/\/macrop.us\/wp-content\/uploads\/2022\/03\/macropus-5.jpg\" \/>\n\t<meta property=\"og:image:width\" content=\"1381\" \/>\n\t<meta property=\"og:image:height\" content=\"1900\" \/>\n\t<meta property=\"og:image:type\" content=\"image\/jpeg\" \/>\n<meta name=\"twitter:card\" content=\"summary_large_image\" \/>\n<meta name=\"twitter:site\" content=\"@mixiwnotebooks\" \/>\n<script type=\"application\/ld+json\" class=\"yoast-schema-graph\">{\"@context\":\"https:\/\/schema.org\",\"@graph\":[{\"@type\":\"WebPage\",\"@id\":\"https:\/\/macrop.us\/ca\/shop\/dessuadora-porteig\/dessuadora-porteig-embaras-i-estandard-caqui-insertable-talla-gran-copia\/\",\"url\":\"https:\/\/macrop.us\/ca\/shop\/dessuadora-porteig\/dessuadora-porteig-embaras-i-estandard-caqui-insertable-talla-gran-copia\/\",\"name\":\"Dessuadora porteig, embar\u00e0s i est\u00e0ndard caqui + insertable - Talla gran - Macropus\",\"isPartOf\":{\"@id\":\"https:\/\/macrop.us\/ca\/#website\"},\"primaryImageOfPage\":{\"@id\":\"https:\/\/macrop.us\/ca\/shop\/dessuadora-porteig\/dessuadora-porteig-embaras-i-estandard-caqui-insertable-talla-gran-copia\/#primaryimage\"},\"image\":{\"@id\":\"https:\/\/macrop.us\/ca\/shop\/dessuadora-porteig\/dessuadora-porteig-embaras-i-estandard-caqui-insertable-talla-gran-copia\/#primaryimage\"},\"thumbnailUrl\":\"https:\/\/macrop.us\/wp-content\/uploads\/2022\/03\/macropus-5.jpg\",\"datePublished\":\"2022-03-09T18:08:11+00:00\",\"dateModified\":\"2025-12-16T19:51:32+00:00\",\"description\":\"Dessuadora porteig, embar\u00e0s i est\u00e0ndard caqui + insertable - Talla gran - Macropus\",\"breadcrumb\":{\"@id\":\"https:\/\/macrop.us\/ca\/shop\/dessuadora-porteig\/dessuadora-porteig-embaras-i-estandard-caqui-insertable-talla-gran-copia\/#breadcrumb\"},\"inLanguage\":\"ca-ES\",\"potentialAction\":[{\"@type\":\"ReadAction\",\"target\":[\"https:\/\/macrop.us\/ca\/shop\/dessuadora-porteig\/dessuadora-porteig-embaras-i-estandard-caqui-insertable-talla-gran-copia\/\"]}]},{\"@type\":\"ImageObject\",\"inLanguage\":\"ca-ES\",\"@id\":\"https:\/\/macrop.us\/ca\/shop\/dessuadora-porteig\/dessuadora-porteig-embaras-i-estandard-caqui-insertable-talla-gran-copia\/#primaryimage\",\"url\":\"https:\/\/macrop.us\/wp-content\/uploads\/2022\/03\/macropus-5.jpg\",\"contentUrl\":\"https:\/\/macrop.us\/wp-content\/uploads\/2022\/03\/macropus-5.jpg\",\"width\":1381,\"height\":1900},{\"@type\":\"BreadcrumbList\",\"@id\":\"https:\/\/macrop.us\/ca\/shop\/dessuadora-porteig\/dessuadora-porteig-embaras-i-estandard-caqui-insertable-talla-gran-copia\/#breadcrumb\",\"itemListElement\":[{\"@type\":\"ListItem\",\"position\":1,\"name\":\"Home\",\"item\":\"https:\/\/macrop.us\/ca\/\"},{\"@type\":\"ListItem\",\"position\":2,\"name\":\"Botiga\",\"item\":\"https:\/\/macrop.us\/ca\/shop\/\"},{\"@type\":\"ListItem\",\"position\":3,\"name\":\"Dessuadora porteig, embar\u00e0s i est\u00e0ndard caqui + insertable &#8211; Talla gran\"}]},{\"@type\":\"WebSite\",\"@id\":\"https:\/\/macrop.us\/ca\/#website\",\"url\":\"https:\/\/macrop.us\/ca\/\",\"name\":\"Macropus\",\"description\":\"beating together\",\"publisher\":{\"@id\":\"https:\/\/macrop.us\/ca\/#organization\"},\"potentialAction\":[{\"@type\":\"SearchAction\",\"target\":{\"@type\":\"EntryPoint\",\"urlTemplate\":\"https:\/\/macrop.us\/ca\/?s={search_term_string}\"},\"query-input\":{\"@type\":\"PropertyValueSpecification\",\"valueRequired\":true,\"valueName\":\"search_term_string\"}}],\"inLanguage\":\"ca-ES\"},{\"@type\":\"Organization\",\"@id\":\"https:\/\/macrop.us\/ca\/#organization\",\"name\":\"Mixiw Notebooks\",\"url\":\"https:\/\/macrop.us\/ca\/\",\"logo\":{\"@type\":\"ImageObject\",\"inLanguage\":\"ca-ES\",\"@id\":\"https:\/\/macrop.us\/ca\/#\/schema\/logo\/image\/\",\"url\":\"https:\/\/macrop.us\/wp-content\/uploads\/2017\/03\/logo-mixiw-web.png\",\"contentUrl\":\"https:\/\/macrop.us\/wp-content\/uploads\/2017\/03\/logo-mixiw-web.png\",\"width\":175,\"height\":61,\"caption\":\"Mixiw Notebooks\"},\"image\":{\"@id\":\"https:\/\/macrop.us\/ca\/#\/schema\/logo\/image\/\"},\"sameAs\":[\"https:\/\/www.facebook.com\/MixiwNotebooks\/\",\"https:\/\/x.com\/mixiwnotebooks\",\"https:\/\/www.instagram.com\/mixiwnotebooks\/\",\"https:\/\/es.pinterest.com\/mixiwnotebooks\/\",\"https:\/\/www.youtube.com\/channel\/UC1bz7dja_O_bfGkFkmVf0XQ\"]}]}<\/script>\n<!-- \/ Yoast SEO plugin. -->","yoast_head_json":{"title":"Dessuadora porteig, embar\u00e0s i est\u00e0ndard caqui + insertable - Talla gran - Macropus","description":"Dessuadora porteig, embar\u00e0s i est\u00e0ndard caqui + insertable - Talla gran - Macropus","robots":{"index":"index","follow":"follow","max-snippet":"max-snippet:-1","max-image-preview":"max-image-preview:large","max-video-preview":"max-video-preview:-1"},"canonical":"https:\/\/macrop.us\/ca\/shop\/dessuadora-porteig\/dessuadora-porteig-embaras-i-estandard-caqui-insertable-talla-gran-copia\/","og_locale":"ca_ES","og_type":"article","og_title":"Dessuadora porteig, embar\u00e0s i est\u00e0ndard caqui + insertable - Talla gran - Macropus","og_description":"Dessuadora porteig, embar\u00e0s i est\u00e0ndard caqui + insertable - Talla gran - Macropus","og_url":"https:\/\/macrop.us\/ca\/shop\/dessuadora-porteig\/dessuadora-porteig-embaras-i-estandard-caqui-insertable-talla-gran-copia\/","og_site_name":"Macropus","article_publisher":"https:\/\/www.facebook.com\/MixiwNotebooks\/","article_modified_time":"2025-12-16T19:51:32+00:00","og_image":[{"width":1381,"height":1900,"url":"https:\/\/macrop.us\/wp-content\/uploads\/2022\/03\/macropus-5.jpg","type":"image\/jpeg"}],"twitter_card":"summary_large_image","twitter_site":"@mixiwnotebooks","schema":{"@context":"https:\/\/schema.org","@graph":[{"@type":"WebPage","@id":"https:\/\/macrop.us\/ca\/shop\/dessuadora-porteig\/dessuadora-porteig-embaras-i-estandard-caqui-insertable-talla-gran-copia\/","url":"https:\/\/macrop.us\/ca\/shop\/dessuadora-porteig\/dessuadora-porteig-embaras-i-estandard-caqui-insertable-talla-gran-copia\/","name":"Dessuadora porteig, embar\u00e0s i est\u00e0ndard caqui + insertable - Talla gran - Macropus","isPartOf":{"@id":"https:\/\/macrop.us\/ca\/#website"},"primaryImageOfPage":{"@id":"https:\/\/macrop.us\/ca\/shop\/dessuadora-porteig\/dessuadora-porteig-embaras-i-estandard-caqui-insertable-talla-gran-copia\/#primaryimage"},"image":{"@id":"https:\/\/macrop.us\/ca\/shop\/dessuadora-porteig\/dessuadora-porteig-embaras-i-estandard-caqui-insertable-talla-gran-copia\/#primaryimage"},"thumbnailUrl":"https:\/\/macrop.us\/wp-content\/uploads\/2022\/03\/macropus-5.jpg","datePublished":"2022-03-09T18:08:11+00:00","dateModified":"2025-12-16T19:51:32+00:00","description":"Dessuadora porteig, embar\u00e0s i est\u00e0ndard caqui + insertable - Talla gran - Macropus","breadcrumb":{"@id":"https:\/\/macrop.us\/ca\/shop\/dessuadora-porteig\/dessuadora-porteig-embaras-i-estandard-caqui-insertable-talla-gran-copia\/#breadcrumb"},"inLanguage":"ca-ES","potentialAction":[{"@type":"ReadAction","target":["https:\/\/macrop.us\/ca\/shop\/dessuadora-porteig\/dessuadora-porteig-embaras-i-estandard-caqui-insertable-talla-gran-copia\/"]}]},{"@type":"ImageObject","inLanguage":"ca-ES","@id":"https:\/\/macrop.us\/ca\/shop\/dessuadora-porteig\/dessuadora-porteig-embaras-i-estandard-caqui-insertable-talla-gran-copia\/#primaryimage","url":"https:\/\/macrop.us\/wp-content\/uploads\/2022\/03\/macropus-5.jpg","contentUrl":"https:\/\/macrop.us\/wp-content\/uploads\/2022\/03\/macropus-5.jpg","width":1381,"height":1900},{"@type":"BreadcrumbList","@id":"https:\/\/macrop.us\/ca\/shop\/dessuadora-porteig\/dessuadora-porteig-embaras-i-estandard-caqui-insertable-talla-gran-copia\/#breadcrumb","itemListElement":[{"@type":"ListItem","position":1,"name":"Home","item":"https:\/\/macrop.us\/ca\/"},{"@type":"ListItem","position":2,"name":"Botiga","item":"https:\/\/macrop.us\/ca\/shop\/"},{"@type":"ListItem","position":3,"name":"Dessuadora porteig, embar\u00e0s i est\u00e0ndard caqui + insertable &#8211; Talla gran"}]},{"@type":"WebSite","@id":"https:\/\/macrop.us\/ca\/#website","url":"https:\/\/macrop.us\/ca\/","name":"Macropus","description":"beating together","publisher":{"@id":"https:\/\/macrop.us\/ca\/#organization"},"potentialAction":[{"@type":"SearchAction","target":{"@type":"EntryPoint","urlTemplate":"https:\/\/macrop.us\/ca\/?s={search_term_string}"},"query-input":{"@type":"PropertyValueSpecification","valueRequired":true,"valueName":"search_term_string"}}],"inLanguage":"ca-ES"},{"@type":"Organization","@id":"https:\/\/macrop.us\/ca\/#organization","name":"Mixiw Notebooks","url":"https:\/\/macrop.us\/ca\/","logo":{"@type":"ImageObject","inLanguage":"ca-ES","@id":"https:\/\/macrop.us\/ca\/#\/schema\/logo\/image\/","url":"https:\/\/macrop.us\/wp-content\/uploads\/2017\/03\/logo-mixiw-web.png","contentUrl":"https:\/\/macrop.us\/wp-content\/uploads\/2017\/03\/logo-mixiw-web.png","width":175,"height":61,"caption":"Mixiw Notebooks"},"image":{"@id":"https:\/\/macrop.us\/ca\/#\/schema\/logo\/image\/"},"sameAs":["https:\/\/www.facebook.com\/MixiwNotebooks\/","https:\/\/x.com\/mixiwnotebooks","https:\/\/www.instagram.com\/mixiwnotebooks\/","https:\/\/es.pinterest.com\/mixiwnotebooks\/","https:\/\/www.youtube.com\/channel\/UC1bz7dja_O_bfGkFkmVf0XQ"]}]}},"jetpack_sharing_enabled":true,"_links":{"self":[{"href":"https:\/\/macrop.us\/ca\/wp-json\/wp\/v2\/product\/34822","targetHints":{"allow":["GET"]}}],"collection":[{"href":"https:\/\/macrop.us\/ca\/wp-json\/wp\/v2\/product"}],"about":[{"href":"https:\/\/macrop.us\/ca\/wp-json\/wp\/v2\/types\/product"}],"wp:featuredmedia":[{"embeddable":true,"href":"https:\/\/macrop.us\/ca\/wp-json\/wp\/v2\/media\/34813"}],"wp:attachment":[{"href":"https:\/\/macrop.us\/ca\/wp-json\/wp\/v2\/media?parent=34822"}],"wp:term":[{"taxonomy":"product_brand","embeddable":true,"href":"https:\/\/macrop.us\/ca\/wp-json\/wp\/v2\/product_brand?post=34822"},{"taxonomy":"product_cat","embeddable":true,"href":"https:\/\/macrop.us\/ca\/wp-json\/wp\/v2\/product_cat?post=34822"},{"taxonomy":"product_tag","embeddable":true,"href":"https:\/\/macrop.us\/ca\/wp-json\/wp\/v2\/product_tag?post=34822"}],"curies":[{"name":"wp","href":"https:\/\/api.w.org\/{rel}","templated":true}]}}