{"id":35680,"date":"2023-03-30T15:39:03","date_gmt":"2023-03-30T13:39:03","guid":{"rendered":"https:\/\/macrop.us\/?post_type=product&#038;p=35680"},"modified":"2023-03-30T16:26:04","modified_gmt":"2023-03-30T14:26:04","slug":"ulleres-de-sol-izipizi","status":"publish","type":"product","link":"https:\/\/macrop.us\/ca\/shop\/complements-porteig-lactancia\/ulleres-de-sol-izipizi\/","title":{"rendered":"Ulleres de sol IZIPIZI"},"content":{"rendered":"<p>El cristal\u00b7l\u00ed dels ulls dels nadons \u00e9s permeable als raigs UVA i no \u00e9s impermeable fins a l&#8217;edat adulta. Per aix\u00f2 cal protegir la retina dels m\u00e9s petits mitjan\u00e7ant filtres solars.<\/p>\n<p><strong>Ulleres de sol polaritzades cat.3.<\/strong><\/p>\n<p><strong>Muntura adaptada per els m\u00e9s petits.<\/strong><\/p>\n","protected":false},"excerpt":{"rendered":"<p>IZIPIZI t\u00e9 cura dels m\u00e9s petits amb les ulleres de sol adaptades als nadons, 3 talles: 0-9 mesos, 9-36 mesos i 3-5 anys. Lents grises polaritzades 100% UV categoria 3 (UV 400) aporten la m\u00e0xima protecci\u00f3, alhora que respecten els colors naturals. Redueixen la intensitat lluminosa i protegeixen als nens de l&#8217;enlluernament. Amb tira de silicona desmuntable per a una subjecci\u00f3 \u00f2ptima.<\/p>\n<p><strong>ATENCI\u00d3!!<\/strong><\/p>\n<p>Hi ha varis colors, enviar whatsapp per demanar disponibilitat de colors.<\/p>\n","protected":false},"featured_media":35712,"template":"","meta":{"_joinchat":[]},"product_brand":[],"product_cat":[365,226],"product_tag":[],"class_list":{"0":"post-35680","1":"product","2":"type-product","3":"status-publish","4":"has-post-thumbnail","6":"product_cat-bany-2","7":"product_cat-complements-porteig-lactancia","9":"first","10":"instock","11":"taxable","12":"shipping-taxable","13":"purchasable","14":"product-type-variable"},"yoast_head":"<!-- This site is optimized with the Yoast SEO plugin v27.2 - https:\/\/yoast.com\/product\/yoast-seo-wordpress\/ -->\n<title>Ulleres de sol IZIPIZI - Macropus<\/title>\n<meta name=\"description\" content=\"Ulleres de sol IZIPIZI - Macropus\" \/>\n<meta name=\"robots\" content=\"index, follow, max-snippet:-1, max-image-preview:large, max-video-preview:-1\" \/>\n<link rel=\"canonical\" href=\"https:\/\/macrop.us\/ca\/shop\/complements-porteig-lactancia\/ulleres-de-sol-izipizi\/\" \/>\n<meta property=\"og:locale\" content=\"ca_ES\" \/>\n<meta property=\"og:type\" content=\"article\" \/>\n<meta property=\"og:title\" content=\"Ulleres de sol IZIPIZI - Macropus\" \/>\n<meta property=\"og:description\" content=\"Ulleres de sol IZIPIZI - Macropus\" \/>\n<meta property=\"og:url\" content=\"https:\/\/macrop.us\/ca\/shop\/complements-porteig-lactancia\/ulleres-de-sol-izipizi\/\" \/>\n<meta property=\"og:site_name\" content=\"Macropus\" \/>\n<meta property=\"article:publisher\" content=\"https:\/\/www.facebook.com\/MixiwNotebooks\/\" \/>\n<meta property=\"article:modified_time\" content=\"2023-03-30T14:26:04+00:00\" \/>\n<meta property=\"og:image\" content=\"https:\/\/macrop.us\/wp-content\/uploads\/2023\/03\/sun-kids-plus-sky-blue-1.jpg\" \/>\n\t<meta property=\"og:image:width\" content=\"1400\" \/>\n\t<meta property=\"og:image:height\" content=\"1400\" \/>\n\t<meta property=\"og:image:type\" content=\"image\/jpeg\" \/>\n<meta name=\"twitter:card\" content=\"summary_large_image\" \/>\n<meta name=\"twitter:site\" content=\"@mixiwnotebooks\" \/>\n<script type=\"application\/ld+json\" class=\"yoast-schema-graph\">{\"@context\":\"https:\/\/schema.org\",\"@graph\":[{\"@type\":\"WebPage\",\"@id\":\"https:\/\/macrop.us\/ca\/shop\/complements-porteig-lactancia\/ulleres-de-sol-izipizi\/\",\"url\":\"https:\/\/macrop.us\/ca\/shop\/complements-porteig-lactancia\/ulleres-de-sol-izipizi\/\",\"name\":\"Ulleres de sol IZIPIZI - Macropus\",\"isPartOf\":{\"@id\":\"https:\/\/macrop.us\/ca\/#website\"},\"primaryImageOfPage\":{\"@id\":\"https:\/\/macrop.us\/ca\/shop\/complements-porteig-lactancia\/ulleres-de-sol-izipizi\/#primaryimage\"},\"image\":{\"@id\":\"https:\/\/macrop.us\/ca\/shop\/complements-porteig-lactancia\/ulleres-de-sol-izipizi\/#primaryimage\"},\"thumbnailUrl\":\"https:\/\/macrop.us\/wp-content\/uploads\/2023\/03\/sun-kids-plus-sky-blue-1.jpg\",\"datePublished\":\"2023-03-30T13:39:03+00:00\",\"dateModified\":\"2023-03-30T14:26:04+00:00\",\"description\":\"Ulleres de sol IZIPIZI - Macropus\",\"breadcrumb\":{\"@id\":\"https:\/\/macrop.us\/ca\/shop\/complements-porteig-lactancia\/ulleres-de-sol-izipizi\/#breadcrumb\"},\"inLanguage\":\"ca-ES\",\"potentialAction\":[{\"@type\":\"ReadAction\",\"target\":[\"https:\/\/macrop.us\/ca\/shop\/complements-porteig-lactancia\/ulleres-de-sol-izipizi\/\"]}]},{\"@type\":\"ImageObject\",\"inLanguage\":\"ca-ES\",\"@id\":\"https:\/\/macrop.us\/ca\/shop\/complements-porteig-lactancia\/ulleres-de-sol-izipizi\/#primaryimage\",\"url\":\"https:\/\/macrop.us\/wp-content\/uploads\/2023\/03\/sun-kids-plus-sky-blue-1.jpg\",\"contentUrl\":\"https:\/\/macrop.us\/wp-content\/uploads\/2023\/03\/sun-kids-plus-sky-blue-1.jpg\",\"width\":1400,\"height\":1400},{\"@type\":\"BreadcrumbList\",\"@id\":\"https:\/\/macrop.us\/ca\/shop\/complements-porteig-lactancia\/ulleres-de-sol-izipizi\/#breadcrumb\",\"itemListElement\":[{\"@type\":\"ListItem\",\"position\":1,\"name\":\"Home\",\"item\":\"https:\/\/macrop.us\/ca\/\"},{\"@type\":\"ListItem\",\"position\":2,\"name\":\"Botiga\",\"item\":\"https:\/\/macrop.us\/ca\/shop\/\"},{\"@type\":\"ListItem\",\"position\":3,\"name\":\"Ulleres de sol IZIPIZI\"}]},{\"@type\":\"WebSite\",\"@id\":\"https:\/\/macrop.us\/ca\/#website\",\"url\":\"https:\/\/macrop.us\/ca\/\",\"name\":\"Macropus\",\"description\":\"beating together\",\"publisher\":{\"@id\":\"https:\/\/macrop.us\/ca\/#organization\"},\"potentialAction\":[{\"@type\":\"SearchAction\",\"target\":{\"@type\":\"EntryPoint\",\"urlTemplate\":\"https:\/\/macrop.us\/ca\/?s={search_term_string}\"},\"query-input\":{\"@type\":\"PropertyValueSpecification\",\"valueRequired\":true,\"valueName\":\"search_term_string\"}}],\"inLanguage\":\"ca-ES\"},{\"@type\":\"Organization\",\"@id\":\"https:\/\/macrop.us\/ca\/#organization\",\"name\":\"Mixiw Notebooks\",\"url\":\"https:\/\/macrop.us\/ca\/\",\"logo\":{\"@type\":\"ImageObject\",\"inLanguage\":\"ca-ES\",\"@id\":\"https:\/\/macrop.us\/ca\/#\/schema\/logo\/image\/\",\"url\":\"https:\/\/macrop.us\/wp-content\/uploads\/2017\/03\/logo-mixiw-web.png\",\"contentUrl\":\"https:\/\/macrop.us\/wp-content\/uploads\/2017\/03\/logo-mixiw-web.png\",\"width\":175,\"height\":61,\"caption\":\"Mixiw Notebooks\"},\"image\":{\"@id\":\"https:\/\/macrop.us\/ca\/#\/schema\/logo\/image\/\"},\"sameAs\":[\"https:\/\/www.facebook.com\/MixiwNotebooks\/\",\"https:\/\/x.com\/mixiwnotebooks\",\"https:\/\/www.instagram.com\/mixiwnotebooks\/\",\"https:\/\/es.pinterest.com\/mixiwnotebooks\/\",\"https:\/\/www.youtube.com\/channel\/UC1bz7dja_O_bfGkFkmVf0XQ\"]}]}<\/script>\n<!-- \/ Yoast SEO plugin. -->","yoast_head_json":{"title":"Ulleres de sol IZIPIZI - Macropus","description":"Ulleres de sol IZIPIZI - Macropus","robots":{"index":"index","follow":"follow","max-snippet":"max-snippet:-1","max-image-preview":"max-image-preview:large","max-video-preview":"max-video-preview:-1"},"canonical":"https:\/\/macrop.us\/ca\/shop\/complements-porteig-lactancia\/ulleres-de-sol-izipizi\/","og_locale":"ca_ES","og_type":"article","og_title":"Ulleres de sol IZIPIZI - Macropus","og_description":"Ulleres de sol IZIPIZI - Macropus","og_url":"https:\/\/macrop.us\/ca\/shop\/complements-porteig-lactancia\/ulleres-de-sol-izipizi\/","og_site_name":"Macropus","article_publisher":"https:\/\/www.facebook.com\/MixiwNotebooks\/","article_modified_time":"2023-03-30T14:26:04+00:00","og_image":[{"width":1400,"height":1400,"url":"https:\/\/macrop.us\/wp-content\/uploads\/2023\/03\/sun-kids-plus-sky-blue-1.jpg","type":"image\/jpeg"}],"twitter_card":"summary_large_image","twitter_site":"@mixiwnotebooks","schema":{"@context":"https:\/\/schema.org","@graph":[{"@type":"WebPage","@id":"https:\/\/macrop.us\/ca\/shop\/complements-porteig-lactancia\/ulleres-de-sol-izipizi\/","url":"https:\/\/macrop.us\/ca\/shop\/complements-porteig-lactancia\/ulleres-de-sol-izipizi\/","name":"Ulleres de sol IZIPIZI - Macropus","isPartOf":{"@id":"https:\/\/macrop.us\/ca\/#website"},"primaryImageOfPage":{"@id":"https:\/\/macrop.us\/ca\/shop\/complements-porteig-lactancia\/ulleres-de-sol-izipizi\/#primaryimage"},"image":{"@id":"https:\/\/macrop.us\/ca\/shop\/complements-porteig-lactancia\/ulleres-de-sol-izipizi\/#primaryimage"},"thumbnailUrl":"https:\/\/macrop.us\/wp-content\/uploads\/2023\/03\/sun-kids-plus-sky-blue-1.jpg","datePublished":"2023-03-30T13:39:03+00:00","dateModified":"2023-03-30T14:26:04+00:00","description":"Ulleres de sol IZIPIZI - Macropus","breadcrumb":{"@id":"https:\/\/macrop.us\/ca\/shop\/complements-porteig-lactancia\/ulleres-de-sol-izipizi\/#breadcrumb"},"inLanguage":"ca-ES","potentialAction":[{"@type":"ReadAction","target":["https:\/\/macrop.us\/ca\/shop\/complements-porteig-lactancia\/ulleres-de-sol-izipizi\/"]}]},{"@type":"ImageObject","inLanguage":"ca-ES","@id":"https:\/\/macrop.us\/ca\/shop\/complements-porteig-lactancia\/ulleres-de-sol-izipizi\/#primaryimage","url":"https:\/\/macrop.us\/wp-content\/uploads\/2023\/03\/sun-kids-plus-sky-blue-1.jpg","contentUrl":"https:\/\/macrop.us\/wp-content\/uploads\/2023\/03\/sun-kids-plus-sky-blue-1.jpg","width":1400,"height":1400},{"@type":"BreadcrumbList","@id":"https:\/\/macrop.us\/ca\/shop\/complements-porteig-lactancia\/ulleres-de-sol-izipizi\/#breadcrumb","itemListElement":[{"@type":"ListItem","position":1,"name":"Home","item":"https:\/\/macrop.us\/ca\/"},{"@type":"ListItem","position":2,"name":"Botiga","item":"https:\/\/macrop.us\/ca\/shop\/"},{"@type":"ListItem","position":3,"name":"Ulleres de sol IZIPIZI"}]},{"@type":"WebSite","@id":"https:\/\/macrop.us\/ca\/#website","url":"https:\/\/macrop.us\/ca\/","name":"Macropus","description":"beating together","publisher":{"@id":"https:\/\/macrop.us\/ca\/#organization"},"potentialAction":[{"@type":"SearchAction","target":{"@type":"EntryPoint","urlTemplate":"https:\/\/macrop.us\/ca\/?s={search_term_string}"},"query-input":{"@type":"PropertyValueSpecification","valueRequired":true,"valueName":"search_term_string"}}],"inLanguage":"ca-ES"},{"@type":"Organization","@id":"https:\/\/macrop.us\/ca\/#organization","name":"Mixiw Notebooks","url":"https:\/\/macrop.us\/ca\/","logo":{"@type":"ImageObject","inLanguage":"ca-ES","@id":"https:\/\/macrop.us\/ca\/#\/schema\/logo\/image\/","url":"https:\/\/macrop.us\/wp-content\/uploads\/2017\/03\/logo-mixiw-web.png","contentUrl":"https:\/\/macrop.us\/wp-content\/uploads\/2017\/03\/logo-mixiw-web.png","width":175,"height":61,"caption":"Mixiw Notebooks"},"image":{"@id":"https:\/\/macrop.us\/ca\/#\/schema\/logo\/image\/"},"sameAs":["https:\/\/www.facebook.com\/MixiwNotebooks\/","https:\/\/x.com\/mixiwnotebooks","https:\/\/www.instagram.com\/mixiwnotebooks\/","https:\/\/es.pinterest.com\/mixiwnotebooks\/","https:\/\/www.youtube.com\/channel\/UC1bz7dja_O_bfGkFkmVf0XQ"]}]}},"jetpack_sharing_enabled":true,"_links":{"self":[{"href":"https:\/\/macrop.us\/ca\/wp-json\/wp\/v2\/product\/35680","targetHints":{"allow":["GET"]}}],"collection":[{"href":"https:\/\/macrop.us\/ca\/wp-json\/wp\/v2\/product"}],"about":[{"href":"https:\/\/macrop.us\/ca\/wp-json\/wp\/v2\/types\/product"}],"wp:featuredmedia":[{"embeddable":true,"href":"https:\/\/macrop.us\/ca\/wp-json\/wp\/v2\/media\/35712"}],"wp:attachment":[{"href":"https:\/\/macrop.us\/ca\/wp-json\/wp\/v2\/media?parent=35680"}],"wp:term":[{"taxonomy":"product_brand","embeddable":true,"href":"https:\/\/macrop.us\/ca\/wp-json\/wp\/v2\/product_brand?post=35680"},{"taxonomy":"product_cat","embeddable":true,"href":"https:\/\/macrop.us\/ca\/wp-json\/wp\/v2\/product_cat?post=35680"},{"taxonomy":"product_tag","embeddable":true,"href":"https:\/\/macrop.us\/ca\/wp-json\/wp\/v2\/product_tag?post=35680"}],"curies":[{"name":"wp","href":"https:\/\/api.w.org\/{rel}","templated":true}]}}