{"id":36957,"date":"2024-02-22T14:19:16","date_gmt":"2024-02-22T13:19:16","guid":{"rendered":"https:\/\/macrop.us\/product\/motxilla-ergonomica-neko-smart-baby-elfida\/"},"modified":"2024-03-07T10:11:40","modified_gmt":"2024-03-07T09:11:40","slug":"motxilla-ergonomica-neko-smart-baby-elfida","status":"publish","type":"product","link":"https:\/\/macrop.us\/ca\/shop\/portanadons\/motxilla\/motxilla-ergonomica-neko-smart-baby-elfida\/","title":{"rendered":"Motxilla Ergon\u00f2mica Neko Smart Baby-Elfida"},"content":{"rendered":"<p>Motxilla f\u00e0cil d\u2019ajustar.<\/p>\n<p>Permet ajustament del panell en amplada i llargada. Ajust en ample mitjan\u00e7ant botons a la zona del cintur\u00f3 i amb cordons a dalt del panell.<\/p>\n<p>Panell i cintur\u00f3 realitzats de fulard 100% cot\u00f3 org\u00e0nic.<\/p>\n<p>Els tirants poden tancar-se al cintur\u00f3 (nadons petits) o al panell (nadons que ja seguin sols).<\/p>\n<p>Tirants encoixinats.<\/p>\n<p>Es pot fer servir davant, lateral i esquena.<\/p>\n","protected":false},"excerpt":{"rendered":"<p>Motxilla ergon\u00f2mica evolutiva.<\/p>\n<p>Des dels 3,5kg. fins els 2 anys aproximadament.<\/p>\n<p>Inclou protector de tirants i bossa a joc.<\/p>\n<p>Servei postvenda incl\u00f3s.<\/p>\n","protected":false},"featured_media":36905,"template":"","meta":{"_joinchat":[]},"product_brand":[],"product_cat":[281],"product_tag":[],"class_list":{"0":"post-36957","1":"product","2":"type-product","3":"status-publish","4":"has-post-thumbnail","6":"product_cat-motxilla","8":"first","9":"instock","10":"taxable","11":"shipping-taxable","12":"purchasable","13":"product-type-simple"},"yoast_head":"<!-- This site is optimized with the Yoast SEO plugin v27.2 - https:\/\/yoast.com\/product\/yoast-seo-wordpress\/ -->\n<title>Motxilla Ergon\u00f2mica Neko Smart Baby-Elfida - Macropus<\/title>\n<meta name=\"description\" content=\"Motxilla Ergon\u00f2mica Neko Smart Baby-Elfida - Macropus\" \/>\n<meta name=\"robots\" content=\"index, follow, max-snippet:-1, max-image-preview:large, max-video-preview:-1\" \/>\n<link rel=\"canonical\" href=\"https:\/\/macrop.us\/ca\/shop\/portanadons\/motxilla\/motxilla-ergonomica-neko-smart-baby-elfida\/\" \/>\n<meta property=\"og:locale\" content=\"ca_ES\" \/>\n<meta property=\"og:type\" content=\"article\" \/>\n<meta property=\"og:title\" content=\"Motxilla Ergon\u00f2mica Neko Smart Baby-Elfida - Macropus\" \/>\n<meta property=\"og:description\" content=\"Motxilla Ergon\u00f2mica Neko Smart Baby-Elfida - Macropus\" \/>\n<meta property=\"og:url\" content=\"https:\/\/macrop.us\/ca\/shop\/portanadons\/motxilla\/motxilla-ergonomica-neko-smart-baby-elfida\/\" \/>\n<meta property=\"og:site_name\" content=\"Macropus\" \/>\n<meta property=\"article:publisher\" content=\"https:\/\/www.facebook.com\/MixiwNotebooks\/\" \/>\n<meta property=\"article:modified_time\" content=\"2024-03-07T09:11:40+00:00\" \/>\n<meta property=\"og:image\" content=\"https:\/\/macrop.us\/wp-content\/uploads\/2024\/02\/92f46f9c6f714d36a2611e7e98e8c7b2.jpg\" \/>\n\t<meta property=\"og:image:width\" content=\"1200\" \/>\n\t<meta property=\"og:image:height\" content=\"1800\" \/>\n\t<meta property=\"og:image:type\" content=\"image\/jpeg\" \/>\n<meta name=\"twitter:card\" content=\"summary_large_image\" \/>\n<meta name=\"twitter:site\" content=\"@mixiwnotebooks\" \/>\n<script type=\"application\/ld+json\" class=\"yoast-schema-graph\">{\"@context\":\"https:\/\/schema.org\",\"@graph\":[{\"@type\":\"WebPage\",\"@id\":\"https:\/\/macrop.us\/ca\/shop\/portanadons\/motxilla\/motxilla-ergonomica-neko-smart-baby-elfida\/\",\"url\":\"https:\/\/macrop.us\/ca\/shop\/portanadons\/motxilla\/motxilla-ergonomica-neko-smart-baby-elfida\/\",\"name\":\"Motxilla Ergon\u00f2mica Neko Smart Baby-Elfida - Macropus\",\"isPartOf\":{\"@id\":\"https:\/\/macrop.us\/ca\/#website\"},\"primaryImageOfPage\":{\"@id\":\"https:\/\/macrop.us\/ca\/shop\/portanadons\/motxilla\/motxilla-ergonomica-neko-smart-baby-elfida\/#primaryimage\"},\"image\":{\"@id\":\"https:\/\/macrop.us\/ca\/shop\/portanadons\/motxilla\/motxilla-ergonomica-neko-smart-baby-elfida\/#primaryimage\"},\"thumbnailUrl\":\"https:\/\/macrop.us\/wp-content\/uploads\/2024\/02\/92f46f9c6f714d36a2611e7e98e8c7b2.jpg\",\"datePublished\":\"2024-02-22T13:19:16+00:00\",\"dateModified\":\"2024-03-07T09:11:40+00:00\",\"description\":\"Motxilla Ergon\u00f2mica Neko Smart Baby-Elfida - Macropus\",\"breadcrumb\":{\"@id\":\"https:\/\/macrop.us\/ca\/shop\/portanadons\/motxilla\/motxilla-ergonomica-neko-smart-baby-elfida\/#breadcrumb\"},\"inLanguage\":\"ca-ES\",\"potentialAction\":[{\"@type\":\"ReadAction\",\"target\":[\"https:\/\/macrop.us\/ca\/shop\/portanadons\/motxilla\/motxilla-ergonomica-neko-smart-baby-elfida\/\"]}]},{\"@type\":\"ImageObject\",\"inLanguage\":\"ca-ES\",\"@id\":\"https:\/\/macrop.us\/ca\/shop\/portanadons\/motxilla\/motxilla-ergonomica-neko-smart-baby-elfida\/#primaryimage\",\"url\":\"https:\/\/macrop.us\/wp-content\/uploads\/2024\/02\/92f46f9c6f714d36a2611e7e98e8c7b2.jpg\",\"contentUrl\":\"https:\/\/macrop.us\/wp-content\/uploads\/2024\/02\/92f46f9c6f714d36a2611e7e98e8c7b2.jpg\",\"width\":1200,\"height\":1800},{\"@type\":\"BreadcrumbList\",\"@id\":\"https:\/\/macrop.us\/ca\/shop\/portanadons\/motxilla\/motxilla-ergonomica-neko-smart-baby-elfida\/#breadcrumb\",\"itemListElement\":[{\"@type\":\"ListItem\",\"position\":1,\"name\":\"Home\",\"item\":\"https:\/\/macrop.us\/ca\/\"},{\"@type\":\"ListItem\",\"position\":2,\"name\":\"Botiga\",\"item\":\"https:\/\/macrop.us\/ca\/shop\/\"},{\"@type\":\"ListItem\",\"position\":3,\"name\":\"Motxilla Ergon\u00f2mica Neko Smart Baby-Elfida\"}]},{\"@type\":\"WebSite\",\"@id\":\"https:\/\/macrop.us\/ca\/#website\",\"url\":\"https:\/\/macrop.us\/ca\/\",\"name\":\"Macropus\",\"description\":\"beating together\",\"publisher\":{\"@id\":\"https:\/\/macrop.us\/ca\/#organization\"},\"potentialAction\":[{\"@type\":\"SearchAction\",\"target\":{\"@type\":\"EntryPoint\",\"urlTemplate\":\"https:\/\/macrop.us\/ca\/?s={search_term_string}\"},\"query-input\":{\"@type\":\"PropertyValueSpecification\",\"valueRequired\":true,\"valueName\":\"search_term_string\"}}],\"inLanguage\":\"ca-ES\"},{\"@type\":\"Organization\",\"@id\":\"https:\/\/macrop.us\/ca\/#organization\",\"name\":\"Mixiw Notebooks\",\"url\":\"https:\/\/macrop.us\/ca\/\",\"logo\":{\"@type\":\"ImageObject\",\"inLanguage\":\"ca-ES\",\"@id\":\"https:\/\/macrop.us\/ca\/#\/schema\/logo\/image\/\",\"url\":\"https:\/\/macrop.us\/wp-content\/uploads\/2017\/03\/logo-mixiw-web.png\",\"contentUrl\":\"https:\/\/macrop.us\/wp-content\/uploads\/2017\/03\/logo-mixiw-web.png\",\"width\":175,\"height\":61,\"caption\":\"Mixiw Notebooks\"},\"image\":{\"@id\":\"https:\/\/macrop.us\/ca\/#\/schema\/logo\/image\/\"},\"sameAs\":[\"https:\/\/www.facebook.com\/MixiwNotebooks\/\",\"https:\/\/x.com\/mixiwnotebooks\",\"https:\/\/www.instagram.com\/mixiwnotebooks\/\",\"https:\/\/es.pinterest.com\/mixiwnotebooks\/\",\"https:\/\/www.youtube.com\/channel\/UC1bz7dja_O_bfGkFkmVf0XQ\"]}]}<\/script>\n<!-- \/ Yoast SEO plugin. -->","yoast_head_json":{"title":"Motxilla Ergon\u00f2mica Neko Smart Baby-Elfida - Macropus","description":"Motxilla Ergon\u00f2mica Neko Smart Baby-Elfida - Macropus","robots":{"index":"index","follow":"follow","max-snippet":"max-snippet:-1","max-image-preview":"max-image-preview:large","max-video-preview":"max-video-preview:-1"},"canonical":"https:\/\/macrop.us\/ca\/shop\/portanadons\/motxilla\/motxilla-ergonomica-neko-smart-baby-elfida\/","og_locale":"ca_ES","og_type":"article","og_title":"Motxilla Ergon\u00f2mica Neko Smart Baby-Elfida - Macropus","og_description":"Motxilla Ergon\u00f2mica Neko Smart Baby-Elfida - Macropus","og_url":"https:\/\/macrop.us\/ca\/shop\/portanadons\/motxilla\/motxilla-ergonomica-neko-smart-baby-elfida\/","og_site_name":"Macropus","article_publisher":"https:\/\/www.facebook.com\/MixiwNotebooks\/","article_modified_time":"2024-03-07T09:11:40+00:00","og_image":[{"width":1200,"height":1800,"url":"https:\/\/macrop.us\/wp-content\/uploads\/2024\/02\/92f46f9c6f714d36a2611e7e98e8c7b2.jpg","type":"image\/jpeg"}],"twitter_card":"summary_large_image","twitter_site":"@mixiwnotebooks","schema":{"@context":"https:\/\/schema.org","@graph":[{"@type":"WebPage","@id":"https:\/\/macrop.us\/ca\/shop\/portanadons\/motxilla\/motxilla-ergonomica-neko-smart-baby-elfida\/","url":"https:\/\/macrop.us\/ca\/shop\/portanadons\/motxilla\/motxilla-ergonomica-neko-smart-baby-elfida\/","name":"Motxilla Ergon\u00f2mica Neko Smart Baby-Elfida - Macropus","isPartOf":{"@id":"https:\/\/macrop.us\/ca\/#website"},"primaryImageOfPage":{"@id":"https:\/\/macrop.us\/ca\/shop\/portanadons\/motxilla\/motxilla-ergonomica-neko-smart-baby-elfida\/#primaryimage"},"image":{"@id":"https:\/\/macrop.us\/ca\/shop\/portanadons\/motxilla\/motxilla-ergonomica-neko-smart-baby-elfida\/#primaryimage"},"thumbnailUrl":"https:\/\/macrop.us\/wp-content\/uploads\/2024\/02\/92f46f9c6f714d36a2611e7e98e8c7b2.jpg","datePublished":"2024-02-22T13:19:16+00:00","dateModified":"2024-03-07T09:11:40+00:00","description":"Motxilla Ergon\u00f2mica Neko Smart Baby-Elfida - Macropus","breadcrumb":{"@id":"https:\/\/macrop.us\/ca\/shop\/portanadons\/motxilla\/motxilla-ergonomica-neko-smart-baby-elfida\/#breadcrumb"},"inLanguage":"ca-ES","potentialAction":[{"@type":"ReadAction","target":["https:\/\/macrop.us\/ca\/shop\/portanadons\/motxilla\/motxilla-ergonomica-neko-smart-baby-elfida\/"]}]},{"@type":"ImageObject","inLanguage":"ca-ES","@id":"https:\/\/macrop.us\/ca\/shop\/portanadons\/motxilla\/motxilla-ergonomica-neko-smart-baby-elfida\/#primaryimage","url":"https:\/\/macrop.us\/wp-content\/uploads\/2024\/02\/92f46f9c6f714d36a2611e7e98e8c7b2.jpg","contentUrl":"https:\/\/macrop.us\/wp-content\/uploads\/2024\/02\/92f46f9c6f714d36a2611e7e98e8c7b2.jpg","width":1200,"height":1800},{"@type":"BreadcrumbList","@id":"https:\/\/macrop.us\/ca\/shop\/portanadons\/motxilla\/motxilla-ergonomica-neko-smart-baby-elfida\/#breadcrumb","itemListElement":[{"@type":"ListItem","position":1,"name":"Home","item":"https:\/\/macrop.us\/ca\/"},{"@type":"ListItem","position":2,"name":"Botiga","item":"https:\/\/macrop.us\/ca\/shop\/"},{"@type":"ListItem","position":3,"name":"Motxilla Ergon\u00f2mica Neko Smart Baby-Elfida"}]},{"@type":"WebSite","@id":"https:\/\/macrop.us\/ca\/#website","url":"https:\/\/macrop.us\/ca\/","name":"Macropus","description":"beating together","publisher":{"@id":"https:\/\/macrop.us\/ca\/#organization"},"potentialAction":[{"@type":"SearchAction","target":{"@type":"EntryPoint","urlTemplate":"https:\/\/macrop.us\/ca\/?s={search_term_string}"},"query-input":{"@type":"PropertyValueSpecification","valueRequired":true,"valueName":"search_term_string"}}],"inLanguage":"ca-ES"},{"@type":"Organization","@id":"https:\/\/macrop.us\/ca\/#organization","name":"Mixiw Notebooks","url":"https:\/\/macrop.us\/ca\/","logo":{"@type":"ImageObject","inLanguage":"ca-ES","@id":"https:\/\/macrop.us\/ca\/#\/schema\/logo\/image\/","url":"https:\/\/macrop.us\/wp-content\/uploads\/2017\/03\/logo-mixiw-web.png","contentUrl":"https:\/\/macrop.us\/wp-content\/uploads\/2017\/03\/logo-mixiw-web.png","width":175,"height":61,"caption":"Mixiw Notebooks"},"image":{"@id":"https:\/\/macrop.us\/ca\/#\/schema\/logo\/image\/"},"sameAs":["https:\/\/www.facebook.com\/MixiwNotebooks\/","https:\/\/x.com\/mixiwnotebooks","https:\/\/www.instagram.com\/mixiwnotebooks\/","https:\/\/es.pinterest.com\/mixiwnotebooks\/","https:\/\/www.youtube.com\/channel\/UC1bz7dja_O_bfGkFkmVf0XQ"]}]}},"jetpack_sharing_enabled":true,"_links":{"self":[{"href":"https:\/\/macrop.us\/ca\/wp-json\/wp\/v2\/product\/36957","targetHints":{"allow":["GET"]}}],"collection":[{"href":"https:\/\/macrop.us\/ca\/wp-json\/wp\/v2\/product"}],"about":[{"href":"https:\/\/macrop.us\/ca\/wp-json\/wp\/v2\/types\/product"}],"wp:featuredmedia":[{"embeddable":true,"href":"https:\/\/macrop.us\/ca\/wp-json\/wp\/v2\/media\/36905"}],"wp:attachment":[{"href":"https:\/\/macrop.us\/ca\/wp-json\/wp\/v2\/media?parent=36957"}],"wp:term":[{"taxonomy":"product_brand","embeddable":true,"href":"https:\/\/macrop.us\/ca\/wp-json\/wp\/v2\/product_brand?post=36957"},{"taxonomy":"product_cat","embeddable":true,"href":"https:\/\/macrop.us\/ca\/wp-json\/wp\/v2\/product_cat?post=36957"},{"taxonomy":"product_tag","embeddable":true,"href":"https:\/\/macrop.us\/ca\/wp-json\/wp\/v2\/product_tag?post=36957"}],"curies":[{"name":"wp","href":"https:\/\/api.w.org\/{rel}","templated":true}]}}