{"id":36970,"date":"2024-03-07T10:43:19","date_gmt":"2024-03-07T09:43:19","guid":{"rendered":"https:\/\/macrop.us\/?post_type=product&#038;p=36970"},"modified":"2025-03-25T16:51:18","modified_gmt":"2025-03-25T15:51:18","slug":"motxilla-ergonomica-neko-smart-baby-cedar-copia","status":"publish","type":"product","link":"https:\/\/macrop.us\/ca\/shop\/portanadons\/motxilla\/motxilla-ergonomica-neko-smart-baby-cedar-copia\/","title":{"rendered":"Motxilla Ergon\u00f2mica Little Frog Prime Wildness"},"content":{"rendered":"<p>Motxilla f\u00e0cil d&#8217;ajustar.<\/p>\n<p>Permet ajustament del panell en amplada i llargada. Ajust en ample mitjan\u00e7ant velcro a la zona del cintur\u00f3 i amb tensor en la llargada.<\/p>\n<p>Panell i cintur\u00f3 realitzats de fulard 90% cot\u00f3 i 10% cot\u00f3 reciclat.<\/p>\n<p>Els tirants poden tancar-se al cintur\u00f3 (nadons petits) o al panell (nadons que ja seguin sols).<\/p>\n<p>Tirants encoixinats.<\/p>\n<p>Es pot fer servir davant, lateral i esquena.<\/p>\n<pre id=\"tw-target-text\" dir=\"ltr\" data-placeholder=\"Traducci\u00f3\" data-ved=\"2ahUKEwixxr_E3-GEAxUCT6QEHfVEBE8Q3ewLegQIBRAU\"><span lang=\"ca\">\u00a0<\/span><\/pre>\n","protected":false},"excerpt":{"rendered":"<p>Motxilla ergon\u00f2mica evolutiva.<\/p>\n<p>Des dels 4,5kg. fins els 3 anys aproximadament.<\/p>\n<p>Servei postvenda incl\u00f3s.<\/p>\n<p>&nbsp;<\/p>\n","protected":false},"featured_media":36972,"template":"","meta":{"_joinchat":[]},"product_brand":[],"product_cat":[281],"product_tag":[],"class_list":{"0":"post-36970","1":"product","2":"type-product","3":"status-publish","4":"has-post-thumbnail","6":"product_cat-motxilla","8":"first","9":"outofstock","10":"taxable","11":"shipping-taxable","12":"purchasable","13":"product-type-simple"},"yoast_head":"<!-- This site is optimized with the Yoast SEO plugin v27.2 - https:\/\/yoast.com\/product\/yoast-seo-wordpress\/ -->\n<title>Motxilla Ergon\u00f2mica Little Frog Prime Wildness - Macropus<\/title>\n<meta name=\"description\" content=\"Motxilla Ergon\u00f2mica Little Frog Prime Wildness - Macropus\" \/>\n<meta name=\"robots\" content=\"index, follow, max-snippet:-1, max-image-preview:large, max-video-preview:-1\" \/>\n<link rel=\"canonical\" href=\"https:\/\/macrop.us\/ca\/shop\/portanadons\/motxilla\/motxilla-ergonomica-neko-smart-baby-cedar-copia\/\" \/>\n<meta property=\"og:locale\" content=\"ca_ES\" \/>\n<meta property=\"og:type\" content=\"article\" \/>\n<meta property=\"og:title\" content=\"Motxilla Ergon\u00f2mica Little Frog Prime Wildness - Macropus\" \/>\n<meta property=\"og:description\" content=\"Motxilla Ergon\u00f2mica Little Frog Prime Wildness - Macropus\" \/>\n<meta property=\"og:url\" content=\"https:\/\/macrop.us\/ca\/shop\/portanadons\/motxilla\/motxilla-ergonomica-neko-smart-baby-cedar-copia\/\" \/>\n<meta property=\"og:site_name\" content=\"Macropus\" \/>\n<meta property=\"article:publisher\" content=\"https:\/\/www.facebook.com\/MixiwNotebooks\/\" \/>\n<meta property=\"article:modified_time\" content=\"2025-03-25T15:51:18+00:00\" \/>\n<meta property=\"og:image\" content=\"https:\/\/macrop.us\/wp-content\/uploads\/2024\/03\/spa_pm_Mochila-Portabebes-Prime-RE-Deep-Wildness-9316_3.webp\" \/>\n\t<meta property=\"og:image:width\" content=\"600\" \/>\n\t<meta property=\"og:image:height\" content=\"900\" \/>\n\t<meta property=\"og:image:type\" content=\"image\/webp\" \/>\n<meta name=\"twitter:card\" content=\"summary_large_image\" \/>\n<meta name=\"twitter:site\" content=\"@mixiwnotebooks\" \/>\n<meta name=\"twitter:label1\" content=\"Est. reading time\" \/>\n\t<meta name=\"twitter:data1\" content=\"1 minute\" \/>\n<script type=\"application\/ld+json\" class=\"yoast-schema-graph\">{\"@context\":\"https:\/\/schema.org\",\"@graph\":[{\"@type\":\"WebPage\",\"@id\":\"https:\/\/macrop.us\/ca\/shop\/portanadons\/motxilla\/motxilla-ergonomica-neko-smart-baby-cedar-copia\/\",\"url\":\"https:\/\/macrop.us\/ca\/shop\/portanadons\/motxilla\/motxilla-ergonomica-neko-smart-baby-cedar-copia\/\",\"name\":\"Motxilla Ergon\u00f2mica Little Frog Prime Wildness - Macropus\",\"isPartOf\":{\"@id\":\"https:\/\/macrop.us\/ca\/#website\"},\"primaryImageOfPage\":{\"@id\":\"https:\/\/macrop.us\/ca\/shop\/portanadons\/motxilla\/motxilla-ergonomica-neko-smart-baby-cedar-copia\/#primaryimage\"},\"image\":{\"@id\":\"https:\/\/macrop.us\/ca\/shop\/portanadons\/motxilla\/motxilla-ergonomica-neko-smart-baby-cedar-copia\/#primaryimage\"},\"thumbnailUrl\":\"https:\/\/macrop.us\/wp-content\/uploads\/2024\/03\/spa_pm_Mochila-Portabebes-Prime-RE-Deep-Wildness-9316_3.webp\",\"datePublished\":\"2024-03-07T09:43:19+00:00\",\"dateModified\":\"2025-03-25T15:51:18+00:00\",\"description\":\"Motxilla Ergon\u00f2mica Little Frog Prime Wildness - Macropus\",\"breadcrumb\":{\"@id\":\"https:\/\/macrop.us\/ca\/shop\/portanadons\/motxilla\/motxilla-ergonomica-neko-smart-baby-cedar-copia\/#breadcrumb\"},\"inLanguage\":\"ca-ES\",\"potentialAction\":[{\"@type\":\"ReadAction\",\"target\":[\"https:\/\/macrop.us\/ca\/shop\/portanadons\/motxilla\/motxilla-ergonomica-neko-smart-baby-cedar-copia\/\"]}]},{\"@type\":\"ImageObject\",\"inLanguage\":\"ca-ES\",\"@id\":\"https:\/\/macrop.us\/ca\/shop\/portanadons\/motxilla\/motxilla-ergonomica-neko-smart-baby-cedar-copia\/#primaryimage\",\"url\":\"https:\/\/macrop.us\/wp-content\/uploads\/2024\/03\/spa_pm_Mochila-Portabebes-Prime-RE-Deep-Wildness-9316_3.webp\",\"contentUrl\":\"https:\/\/macrop.us\/wp-content\/uploads\/2024\/03\/spa_pm_Mochila-Portabebes-Prime-RE-Deep-Wildness-9316_3.webp\",\"width\":600,\"height\":900},{\"@type\":\"BreadcrumbList\",\"@id\":\"https:\/\/macrop.us\/ca\/shop\/portanadons\/motxilla\/motxilla-ergonomica-neko-smart-baby-cedar-copia\/#breadcrumb\",\"itemListElement\":[{\"@type\":\"ListItem\",\"position\":1,\"name\":\"Home\",\"item\":\"https:\/\/macrop.us\/ca\/\"},{\"@type\":\"ListItem\",\"position\":2,\"name\":\"Botiga\",\"item\":\"https:\/\/macrop.us\/ca\/shop\/\"},{\"@type\":\"ListItem\",\"position\":3,\"name\":\"Motxilla Ergon\u00f2mica Little Frog Prime Wildness\"}]},{\"@type\":\"WebSite\",\"@id\":\"https:\/\/macrop.us\/ca\/#website\",\"url\":\"https:\/\/macrop.us\/ca\/\",\"name\":\"Macropus\",\"description\":\"beating together\",\"publisher\":{\"@id\":\"https:\/\/macrop.us\/ca\/#organization\"},\"potentialAction\":[{\"@type\":\"SearchAction\",\"target\":{\"@type\":\"EntryPoint\",\"urlTemplate\":\"https:\/\/macrop.us\/ca\/?s={search_term_string}\"},\"query-input\":{\"@type\":\"PropertyValueSpecification\",\"valueRequired\":true,\"valueName\":\"search_term_string\"}}],\"inLanguage\":\"ca-ES\"},{\"@type\":\"Organization\",\"@id\":\"https:\/\/macrop.us\/ca\/#organization\",\"name\":\"Mixiw Notebooks\",\"url\":\"https:\/\/macrop.us\/ca\/\",\"logo\":{\"@type\":\"ImageObject\",\"inLanguage\":\"ca-ES\",\"@id\":\"https:\/\/macrop.us\/ca\/#\/schema\/logo\/image\/\",\"url\":\"https:\/\/macrop.us\/wp-content\/uploads\/2017\/03\/logo-mixiw-web.png\",\"contentUrl\":\"https:\/\/macrop.us\/wp-content\/uploads\/2017\/03\/logo-mixiw-web.png\",\"width\":175,\"height\":61,\"caption\":\"Mixiw Notebooks\"},\"image\":{\"@id\":\"https:\/\/macrop.us\/ca\/#\/schema\/logo\/image\/\"},\"sameAs\":[\"https:\/\/www.facebook.com\/MixiwNotebooks\/\",\"https:\/\/x.com\/mixiwnotebooks\",\"https:\/\/www.instagram.com\/mixiwnotebooks\/\",\"https:\/\/es.pinterest.com\/mixiwnotebooks\/\",\"https:\/\/www.youtube.com\/channel\/UC1bz7dja_O_bfGkFkmVf0XQ\"]}]}<\/script>\n<!-- \/ Yoast SEO plugin. -->","yoast_head_json":{"title":"Motxilla Ergon\u00f2mica Little Frog Prime Wildness - Macropus","description":"Motxilla Ergon\u00f2mica Little Frog Prime Wildness - Macropus","robots":{"index":"index","follow":"follow","max-snippet":"max-snippet:-1","max-image-preview":"max-image-preview:large","max-video-preview":"max-video-preview:-1"},"canonical":"https:\/\/macrop.us\/ca\/shop\/portanadons\/motxilla\/motxilla-ergonomica-neko-smart-baby-cedar-copia\/","og_locale":"ca_ES","og_type":"article","og_title":"Motxilla Ergon\u00f2mica Little Frog Prime Wildness - Macropus","og_description":"Motxilla Ergon\u00f2mica Little Frog Prime Wildness - Macropus","og_url":"https:\/\/macrop.us\/ca\/shop\/portanadons\/motxilla\/motxilla-ergonomica-neko-smart-baby-cedar-copia\/","og_site_name":"Macropus","article_publisher":"https:\/\/www.facebook.com\/MixiwNotebooks\/","article_modified_time":"2025-03-25T15:51:18+00:00","og_image":[{"width":600,"height":900,"url":"https:\/\/macrop.us\/wp-content\/uploads\/2024\/03\/spa_pm_Mochila-Portabebes-Prime-RE-Deep-Wildness-9316_3.webp","type":"image\/webp"}],"twitter_card":"summary_large_image","twitter_site":"@mixiwnotebooks","twitter_misc":{"Est. reading time":"1 minute"},"schema":{"@context":"https:\/\/schema.org","@graph":[{"@type":"WebPage","@id":"https:\/\/macrop.us\/ca\/shop\/portanadons\/motxilla\/motxilla-ergonomica-neko-smart-baby-cedar-copia\/","url":"https:\/\/macrop.us\/ca\/shop\/portanadons\/motxilla\/motxilla-ergonomica-neko-smart-baby-cedar-copia\/","name":"Motxilla Ergon\u00f2mica Little Frog Prime Wildness - Macropus","isPartOf":{"@id":"https:\/\/macrop.us\/ca\/#website"},"primaryImageOfPage":{"@id":"https:\/\/macrop.us\/ca\/shop\/portanadons\/motxilla\/motxilla-ergonomica-neko-smart-baby-cedar-copia\/#primaryimage"},"image":{"@id":"https:\/\/macrop.us\/ca\/shop\/portanadons\/motxilla\/motxilla-ergonomica-neko-smart-baby-cedar-copia\/#primaryimage"},"thumbnailUrl":"https:\/\/macrop.us\/wp-content\/uploads\/2024\/03\/spa_pm_Mochila-Portabebes-Prime-RE-Deep-Wildness-9316_3.webp","datePublished":"2024-03-07T09:43:19+00:00","dateModified":"2025-03-25T15:51:18+00:00","description":"Motxilla Ergon\u00f2mica Little Frog Prime Wildness - Macropus","breadcrumb":{"@id":"https:\/\/macrop.us\/ca\/shop\/portanadons\/motxilla\/motxilla-ergonomica-neko-smart-baby-cedar-copia\/#breadcrumb"},"inLanguage":"ca-ES","potentialAction":[{"@type":"ReadAction","target":["https:\/\/macrop.us\/ca\/shop\/portanadons\/motxilla\/motxilla-ergonomica-neko-smart-baby-cedar-copia\/"]}]},{"@type":"ImageObject","inLanguage":"ca-ES","@id":"https:\/\/macrop.us\/ca\/shop\/portanadons\/motxilla\/motxilla-ergonomica-neko-smart-baby-cedar-copia\/#primaryimage","url":"https:\/\/macrop.us\/wp-content\/uploads\/2024\/03\/spa_pm_Mochila-Portabebes-Prime-RE-Deep-Wildness-9316_3.webp","contentUrl":"https:\/\/macrop.us\/wp-content\/uploads\/2024\/03\/spa_pm_Mochila-Portabebes-Prime-RE-Deep-Wildness-9316_3.webp","width":600,"height":900},{"@type":"BreadcrumbList","@id":"https:\/\/macrop.us\/ca\/shop\/portanadons\/motxilla\/motxilla-ergonomica-neko-smart-baby-cedar-copia\/#breadcrumb","itemListElement":[{"@type":"ListItem","position":1,"name":"Home","item":"https:\/\/macrop.us\/ca\/"},{"@type":"ListItem","position":2,"name":"Botiga","item":"https:\/\/macrop.us\/ca\/shop\/"},{"@type":"ListItem","position":3,"name":"Motxilla Ergon\u00f2mica Little Frog Prime Wildness"}]},{"@type":"WebSite","@id":"https:\/\/macrop.us\/ca\/#website","url":"https:\/\/macrop.us\/ca\/","name":"Macropus","description":"beating together","publisher":{"@id":"https:\/\/macrop.us\/ca\/#organization"},"potentialAction":[{"@type":"SearchAction","target":{"@type":"EntryPoint","urlTemplate":"https:\/\/macrop.us\/ca\/?s={search_term_string}"},"query-input":{"@type":"PropertyValueSpecification","valueRequired":true,"valueName":"search_term_string"}}],"inLanguage":"ca-ES"},{"@type":"Organization","@id":"https:\/\/macrop.us\/ca\/#organization","name":"Mixiw Notebooks","url":"https:\/\/macrop.us\/ca\/","logo":{"@type":"ImageObject","inLanguage":"ca-ES","@id":"https:\/\/macrop.us\/ca\/#\/schema\/logo\/image\/","url":"https:\/\/macrop.us\/wp-content\/uploads\/2017\/03\/logo-mixiw-web.png","contentUrl":"https:\/\/macrop.us\/wp-content\/uploads\/2017\/03\/logo-mixiw-web.png","width":175,"height":61,"caption":"Mixiw Notebooks"},"image":{"@id":"https:\/\/macrop.us\/ca\/#\/schema\/logo\/image\/"},"sameAs":["https:\/\/www.facebook.com\/MixiwNotebooks\/","https:\/\/x.com\/mixiwnotebooks","https:\/\/www.instagram.com\/mixiwnotebooks\/","https:\/\/es.pinterest.com\/mixiwnotebooks\/","https:\/\/www.youtube.com\/channel\/UC1bz7dja_O_bfGkFkmVf0XQ"]}]}},"jetpack_sharing_enabled":true,"_links":{"self":[{"href":"https:\/\/macrop.us\/ca\/wp-json\/wp\/v2\/product\/36970","targetHints":{"allow":["GET"]}}],"collection":[{"href":"https:\/\/macrop.us\/ca\/wp-json\/wp\/v2\/product"}],"about":[{"href":"https:\/\/macrop.us\/ca\/wp-json\/wp\/v2\/types\/product"}],"wp:featuredmedia":[{"embeddable":true,"href":"https:\/\/macrop.us\/ca\/wp-json\/wp\/v2\/media\/36972"}],"wp:attachment":[{"href":"https:\/\/macrop.us\/ca\/wp-json\/wp\/v2\/media?parent=36970"}],"wp:term":[{"taxonomy":"product_brand","embeddable":true,"href":"https:\/\/macrop.us\/ca\/wp-json\/wp\/v2\/product_brand?post=36970"},{"taxonomy":"product_cat","embeddable":true,"href":"https:\/\/macrop.us\/ca\/wp-json\/wp\/v2\/product_cat?post=36970"},{"taxonomy":"product_tag","embeddable":true,"href":"https:\/\/macrop.us\/ca\/wp-json\/wp\/v2\/product_tag?post=36970"}],"curies":[{"name":"wp","href":"https:\/\/api.w.org\/{rel}","templated":true}]}}