{"id":37305,"date":"2024-09-24T09:21:50","date_gmt":"2024-09-24T07:21:50","guid":{"rendered":"https:\/\/macrop.us\/?post_type=product&#038;p=37305"},"modified":"2025-03-25T16:50:29","modified_gmt":"2025-03-25T15:50:29","slug":"fulard-elastic-teula-copia","status":"publish","type":"product","link":"https:\/\/macrop.us\/ca\/shop\/portanadons\/fulard\/fulard-elastic-teula-copia\/","title":{"rendered":"Fulard el\u00e0stic gris"},"content":{"rendered":"<p style=\"text-align: center;\"><strong>Composici\u00f3:<\/strong> 95% cot\u00f3 i 5% Elast\u00e0<\/p>\n<p style=\"text-align: center;\"><strong>Tacte:<\/strong> llis i suau<\/p>\n<p style=\"text-align: center;\"><strong>Llarg:<\/strong> 5 metres<\/p>\n<p style=\"text-align: center;\"><strong>Instruccions per el manteniment de la pe\u00e7a:<\/strong><\/p>\n<p><img loading=\"lazy\" decoding=\"async\" class=\"alignnone size-full wp-image-6058 aligncenter\" src=\"https:\/\/macrop.us\/wp-content\/uploads\/2020\/07\/sudadera.png\" alt=\"\" width=\"146\" height=\"63\" \/><\/p>\n<p><strong>TIPS DE SEGURETAT:<\/strong><\/p>\n<ul>\n<li>Vies respirat\u00f2ries lliures.<\/li>\n<li>Genolls m\u00e9s amunt que el culet (en forma de M).<\/li>\n<li>Esquena lleugerament corbada (en forma de C).<\/li>\n<li>Mirant cap a dins. Mai cap a fora.<\/li>\n<li>En nadons molt petits, aguantar el cap.<\/li>\n<li>A l&#8217;altura d&#8217;un pet\u00f3.<\/li>\n<\/ul>\n","protected":false},"excerpt":{"rendered":"<p>El fulard el\u00e0stic \u00e9s un portanadons ergon\u00f2mic ideal per el porteig de nadons des del naixement, apte i recomenat tamb\u00e9 per prematurs, durant els primers mesos de vida fins els 10kg. El fulard \u00e9s el portanadons m\u00e9s complert i el m\u00e9s similar a l&#8217;\u00fater matern. Ideal per afavorir la lact\u00e0ncia materna i el vincle mare-nad\u00f3 i pare-nad\u00f3.<\/p>\n<p>&nbsp;<\/p>\n<p>&nbsp;<\/p>\n","protected":false},"featured_media":37307,"template":"","meta":{"_joinchat":[]},"product_brand":[],"product_cat":[254],"product_tag":[],"class_list":{"0":"post-37305","1":"product","2":"type-product","3":"status-publish","4":"has-post-thumbnail","6":"product_cat-fulard","8":"first","9":"instock","10":"taxable","11":"shipping-taxable","12":"purchasable","13":"product-type-simple"},"yoast_head":"<!-- This site is optimized with the Yoast SEO plugin v27.2 - https:\/\/yoast.com\/product\/yoast-seo-wordpress\/ -->\n<title>Fulard el\u00e0stic gris - Macropus<\/title>\n<meta name=\"description\" content=\"Fular el\u00e0stic porteig\" \/>\n<meta name=\"robots\" content=\"index, follow, max-snippet:-1, max-image-preview:large, max-video-preview:-1\" \/>\n<link rel=\"canonical\" href=\"https:\/\/macrop.us\/ca\/shop\/portanadons\/fulard\/fulard-elastic-teula-copia\/\" \/>\n<meta property=\"og:locale\" content=\"ca_ES\" \/>\n<meta property=\"og:type\" content=\"article\" \/>\n<meta property=\"og:title\" content=\"Fulard el\u00e0stic gris - Macropus\" \/>\n<meta property=\"og:description\" content=\"Fular el\u00e0stic porteig\" \/>\n<meta property=\"og:url\" content=\"https:\/\/macrop.us\/ca\/shop\/portanadons\/fulard\/fulard-elastic-teula-copia\/\" \/>\n<meta property=\"og:site_name\" content=\"Macropus\" \/>\n<meta property=\"article:publisher\" content=\"https:\/\/www.facebook.com\/MixiwNotebooks\/\" \/>\n<meta property=\"article:modified_time\" content=\"2025-03-25T15:50:29+00:00\" \/>\n<meta property=\"og:image\" content=\"https:\/\/macrop.us\/wp-content\/uploads\/2024\/09\/freepik_br_1adbd468-91a4-4a15-9718-22abbbed8bc3.jpg\" \/>\n\t<meta property=\"og:image:width\" content=\"1562\" \/>\n\t<meta property=\"og:image:height\" content=\"1900\" \/>\n\t<meta property=\"og:image:type\" content=\"image\/jpeg\" \/>\n<meta name=\"twitter:card\" content=\"summary_large_image\" \/>\n<meta name=\"twitter:site\" content=\"@mixiwnotebooks\" \/>\n<script type=\"application\/ld+json\" class=\"yoast-schema-graph\">{\"@context\":\"https:\/\/schema.org\",\"@graph\":[{\"@type\":\"WebPage\",\"@id\":\"https:\/\/macrop.us\/ca\/shop\/portanadons\/fulard\/fulard-elastic-teula-copia\/\",\"url\":\"https:\/\/macrop.us\/ca\/shop\/portanadons\/fulard\/fulard-elastic-teula-copia\/\",\"name\":\"Fulard el\u00e0stic gris - Macropus\",\"isPartOf\":{\"@id\":\"https:\/\/macrop.us\/ca\/#website\"},\"primaryImageOfPage\":{\"@id\":\"https:\/\/macrop.us\/ca\/shop\/portanadons\/fulard\/fulard-elastic-teula-copia\/#primaryimage\"},\"image\":{\"@id\":\"https:\/\/macrop.us\/ca\/shop\/portanadons\/fulard\/fulard-elastic-teula-copia\/#primaryimage\"},\"thumbnailUrl\":\"https:\/\/macrop.us\/wp-content\/uploads\/2024\/09\/freepik_br_1adbd468-91a4-4a15-9718-22abbbed8bc3.jpg\",\"datePublished\":\"2024-09-24T07:21:50+00:00\",\"dateModified\":\"2025-03-25T15:50:29+00:00\",\"description\":\"Fular el\u00e0stic porteig\",\"breadcrumb\":{\"@id\":\"https:\/\/macrop.us\/ca\/shop\/portanadons\/fulard\/fulard-elastic-teula-copia\/#breadcrumb\"},\"inLanguage\":\"ca-ES\",\"potentialAction\":[{\"@type\":\"ReadAction\",\"target\":[\"https:\/\/macrop.us\/ca\/shop\/portanadons\/fulard\/fulard-elastic-teula-copia\/\"]}]},{\"@type\":\"ImageObject\",\"inLanguage\":\"ca-ES\",\"@id\":\"https:\/\/macrop.us\/ca\/shop\/portanadons\/fulard\/fulard-elastic-teula-copia\/#primaryimage\",\"url\":\"https:\/\/macrop.us\/wp-content\/uploads\/2024\/09\/freepik_br_1adbd468-91a4-4a15-9718-22abbbed8bc3.jpg\",\"contentUrl\":\"https:\/\/macrop.us\/wp-content\/uploads\/2024\/09\/freepik_br_1adbd468-91a4-4a15-9718-22abbbed8bc3.jpg\",\"width\":1562,\"height\":1900},{\"@type\":\"BreadcrumbList\",\"@id\":\"https:\/\/macrop.us\/ca\/shop\/portanadons\/fulard\/fulard-elastic-teula-copia\/#breadcrumb\",\"itemListElement\":[{\"@type\":\"ListItem\",\"position\":1,\"name\":\"Home\",\"item\":\"https:\/\/macrop.us\/ca\/\"},{\"@type\":\"ListItem\",\"position\":2,\"name\":\"Botiga\",\"item\":\"https:\/\/macrop.us\/ca\/shop\/\"},{\"@type\":\"ListItem\",\"position\":3,\"name\":\"Fulard el\u00e0stic gris\"}]},{\"@type\":\"WebSite\",\"@id\":\"https:\/\/macrop.us\/ca\/#website\",\"url\":\"https:\/\/macrop.us\/ca\/\",\"name\":\"Macropus\",\"description\":\"beating together\",\"publisher\":{\"@id\":\"https:\/\/macrop.us\/ca\/#organization\"},\"potentialAction\":[{\"@type\":\"SearchAction\",\"target\":{\"@type\":\"EntryPoint\",\"urlTemplate\":\"https:\/\/macrop.us\/ca\/?s={search_term_string}\"},\"query-input\":{\"@type\":\"PropertyValueSpecification\",\"valueRequired\":true,\"valueName\":\"search_term_string\"}}],\"inLanguage\":\"ca-ES\"},{\"@type\":\"Organization\",\"@id\":\"https:\/\/macrop.us\/ca\/#organization\",\"name\":\"Mixiw Notebooks\",\"url\":\"https:\/\/macrop.us\/ca\/\",\"logo\":{\"@type\":\"ImageObject\",\"inLanguage\":\"ca-ES\",\"@id\":\"https:\/\/macrop.us\/ca\/#\/schema\/logo\/image\/\",\"url\":\"https:\/\/macrop.us\/wp-content\/uploads\/2017\/03\/logo-mixiw-web.png\",\"contentUrl\":\"https:\/\/macrop.us\/wp-content\/uploads\/2017\/03\/logo-mixiw-web.png\",\"width\":175,\"height\":61,\"caption\":\"Mixiw Notebooks\"},\"image\":{\"@id\":\"https:\/\/macrop.us\/ca\/#\/schema\/logo\/image\/\"},\"sameAs\":[\"https:\/\/www.facebook.com\/MixiwNotebooks\/\",\"https:\/\/x.com\/mixiwnotebooks\",\"https:\/\/www.instagram.com\/mixiwnotebooks\/\",\"https:\/\/es.pinterest.com\/mixiwnotebooks\/\",\"https:\/\/www.youtube.com\/channel\/UC1bz7dja_O_bfGkFkmVf0XQ\"]}]}<\/script>\n<!-- \/ Yoast SEO plugin. -->","yoast_head_json":{"title":"Fulard el\u00e0stic gris - Macropus","description":"Fular el\u00e0stic porteig","robots":{"index":"index","follow":"follow","max-snippet":"max-snippet:-1","max-image-preview":"max-image-preview:large","max-video-preview":"max-video-preview:-1"},"canonical":"https:\/\/macrop.us\/ca\/shop\/portanadons\/fulard\/fulard-elastic-teula-copia\/","og_locale":"ca_ES","og_type":"article","og_title":"Fulard el\u00e0stic gris - Macropus","og_description":"Fular el\u00e0stic porteig","og_url":"https:\/\/macrop.us\/ca\/shop\/portanadons\/fulard\/fulard-elastic-teula-copia\/","og_site_name":"Macropus","article_publisher":"https:\/\/www.facebook.com\/MixiwNotebooks\/","article_modified_time":"2025-03-25T15:50:29+00:00","og_image":[{"width":1562,"height":1900,"url":"https:\/\/macrop.us\/wp-content\/uploads\/2024\/09\/freepik_br_1adbd468-91a4-4a15-9718-22abbbed8bc3.jpg","type":"image\/jpeg"}],"twitter_card":"summary_large_image","twitter_site":"@mixiwnotebooks","schema":{"@context":"https:\/\/schema.org","@graph":[{"@type":"WebPage","@id":"https:\/\/macrop.us\/ca\/shop\/portanadons\/fulard\/fulard-elastic-teula-copia\/","url":"https:\/\/macrop.us\/ca\/shop\/portanadons\/fulard\/fulard-elastic-teula-copia\/","name":"Fulard el\u00e0stic gris - Macropus","isPartOf":{"@id":"https:\/\/macrop.us\/ca\/#website"},"primaryImageOfPage":{"@id":"https:\/\/macrop.us\/ca\/shop\/portanadons\/fulard\/fulard-elastic-teula-copia\/#primaryimage"},"image":{"@id":"https:\/\/macrop.us\/ca\/shop\/portanadons\/fulard\/fulard-elastic-teula-copia\/#primaryimage"},"thumbnailUrl":"https:\/\/macrop.us\/wp-content\/uploads\/2024\/09\/freepik_br_1adbd468-91a4-4a15-9718-22abbbed8bc3.jpg","datePublished":"2024-09-24T07:21:50+00:00","dateModified":"2025-03-25T15:50:29+00:00","description":"Fular el\u00e0stic porteig","breadcrumb":{"@id":"https:\/\/macrop.us\/ca\/shop\/portanadons\/fulard\/fulard-elastic-teula-copia\/#breadcrumb"},"inLanguage":"ca-ES","potentialAction":[{"@type":"ReadAction","target":["https:\/\/macrop.us\/ca\/shop\/portanadons\/fulard\/fulard-elastic-teula-copia\/"]}]},{"@type":"ImageObject","inLanguage":"ca-ES","@id":"https:\/\/macrop.us\/ca\/shop\/portanadons\/fulard\/fulard-elastic-teula-copia\/#primaryimage","url":"https:\/\/macrop.us\/wp-content\/uploads\/2024\/09\/freepik_br_1adbd468-91a4-4a15-9718-22abbbed8bc3.jpg","contentUrl":"https:\/\/macrop.us\/wp-content\/uploads\/2024\/09\/freepik_br_1adbd468-91a4-4a15-9718-22abbbed8bc3.jpg","width":1562,"height":1900},{"@type":"BreadcrumbList","@id":"https:\/\/macrop.us\/ca\/shop\/portanadons\/fulard\/fulard-elastic-teula-copia\/#breadcrumb","itemListElement":[{"@type":"ListItem","position":1,"name":"Home","item":"https:\/\/macrop.us\/ca\/"},{"@type":"ListItem","position":2,"name":"Botiga","item":"https:\/\/macrop.us\/ca\/shop\/"},{"@type":"ListItem","position":3,"name":"Fulard el\u00e0stic gris"}]},{"@type":"WebSite","@id":"https:\/\/macrop.us\/ca\/#website","url":"https:\/\/macrop.us\/ca\/","name":"Macropus","description":"beating together","publisher":{"@id":"https:\/\/macrop.us\/ca\/#organization"},"potentialAction":[{"@type":"SearchAction","target":{"@type":"EntryPoint","urlTemplate":"https:\/\/macrop.us\/ca\/?s={search_term_string}"},"query-input":{"@type":"PropertyValueSpecification","valueRequired":true,"valueName":"search_term_string"}}],"inLanguage":"ca-ES"},{"@type":"Organization","@id":"https:\/\/macrop.us\/ca\/#organization","name":"Mixiw Notebooks","url":"https:\/\/macrop.us\/ca\/","logo":{"@type":"ImageObject","inLanguage":"ca-ES","@id":"https:\/\/macrop.us\/ca\/#\/schema\/logo\/image\/","url":"https:\/\/macrop.us\/wp-content\/uploads\/2017\/03\/logo-mixiw-web.png","contentUrl":"https:\/\/macrop.us\/wp-content\/uploads\/2017\/03\/logo-mixiw-web.png","width":175,"height":61,"caption":"Mixiw Notebooks"},"image":{"@id":"https:\/\/macrop.us\/ca\/#\/schema\/logo\/image\/"},"sameAs":["https:\/\/www.facebook.com\/MixiwNotebooks\/","https:\/\/x.com\/mixiwnotebooks","https:\/\/www.instagram.com\/mixiwnotebooks\/","https:\/\/es.pinterest.com\/mixiwnotebooks\/","https:\/\/www.youtube.com\/channel\/UC1bz7dja_O_bfGkFkmVf0XQ"]}]}},"jetpack_sharing_enabled":true,"_links":{"self":[{"href":"https:\/\/macrop.us\/ca\/wp-json\/wp\/v2\/product\/37305","targetHints":{"allow":["GET"]}}],"collection":[{"href":"https:\/\/macrop.us\/ca\/wp-json\/wp\/v2\/product"}],"about":[{"href":"https:\/\/macrop.us\/ca\/wp-json\/wp\/v2\/types\/product"}],"wp:featuredmedia":[{"embeddable":true,"href":"https:\/\/macrop.us\/ca\/wp-json\/wp\/v2\/media\/37307"}],"wp:attachment":[{"href":"https:\/\/macrop.us\/ca\/wp-json\/wp\/v2\/media?parent=37305"}],"wp:term":[{"taxonomy":"product_brand","embeddable":true,"href":"https:\/\/macrop.us\/ca\/wp-json\/wp\/v2\/product_brand?post=37305"},{"taxonomy":"product_cat","embeddable":true,"href":"https:\/\/macrop.us\/ca\/wp-json\/wp\/v2\/product_cat?post=37305"},{"taxonomy":"product_tag","embeddable":true,"href":"https:\/\/macrop.us\/ca\/wp-json\/wp\/v2\/product_tag?post=37305"}],"curies":[{"name":"wp","href":"https:\/\/api.w.org\/{rel}","templated":true}]}}