{"id":37680,"date":"2025-02-25T10:18:06","date_gmt":"2025-02-25T09:18:07","guid":{"rendered":"https:\/\/macrop.us\/?post_type=product&#038;p=37680"},"modified":"2025-03-11T11:32:32","modified_gmt":"2025-03-11T10:32:32","slug":"peto-menta-copia-copia","status":"publish","type":"product","link":"https:\/\/macrop.us\/ca\/shop\/peto-ca\/peto-menta-copia-copia\/","title":{"rendered":"Peto tex\u00e0 clar"},"content":{"rendered":"<p style=\"text-align: center;\"><strong>Composici\u00f3:<\/strong> 100% cot\u00f3<\/p>\n<p style=\"text-align: center;\"><strong>Instruccions per a la cura i rentat:<\/strong><\/p>\n<p><img loading=\"lazy\" decoding=\"async\" class=\"alignnone size-full wp-image-35670 aligncenter\" src=\"https:\/\/macrop.us\/wp-content\/uploads\/2023\/03\/icones_rentat_petos.png\" alt=\"\" width=\"308\" height=\"63\" srcset=\"https:\/\/macrop.us\/wp-content\/uploads\/2023\/03\/icones_rentat_petos.png 308w, https:\/\/macrop.us\/wp-content\/uploads\/2023\/03\/icones_rentat_petos-300x61.png 300w\" sizes=\"auto, (max-width: 308px) 100vw, 308px\" \/><\/p>\n","protected":false},"excerpt":{"rendered":"<p>Peto 100% cot\u00f3, c\u00f2mode i vers\u00e0til.<\/p>\n<p>Molt \u00fatil per a \u00fas convencional en el teu dia a dia i pr\u00e0ctic per embar\u00e0s, lact\u00e0ncia i postpart.<\/p>\n<p>Teixit agradable i fresc.<\/p>\n<p>Color tex\u00e0 amb tires negres.<\/p>\n<p>&nbsp;<\/p>\n","protected":false},"featured_media":37916,"template":"","meta":{"_joinchat":[]},"product_brand":[],"product_cat":[264],"product_tag":[],"class_list":{"0":"post-37680","1":"product","2":"type-product","3":"status-publish","4":"has-post-thumbnail","6":"product_cat-peto-ca","8":"first","9":"outofstock","10":"taxable","11":"shipping-taxable","12":"purchasable","13":"product-type-simple"},"yoast_head":"<!-- This site is optimized with the Yoast SEO plugin v27.2 - https:\/\/yoast.com\/product\/yoast-seo-wordpress\/ -->\n<title>Peto tex\u00e0 clar - Macropus<\/title>\n<meta name=\"description\" content=\"Peto tex\u00e0 clar - Macropus\" \/>\n<meta name=\"robots\" content=\"index, follow, max-snippet:-1, max-image-preview:large, max-video-preview:-1\" \/>\n<link rel=\"canonical\" href=\"https:\/\/macrop.us\/ca\/shop\/peto-ca\/peto-menta-copia-copia\/\" \/>\n<meta property=\"og:locale\" content=\"ca_ES\" \/>\n<meta property=\"og:type\" content=\"article\" \/>\n<meta property=\"og:title\" content=\"Peto tex\u00e0 clar - Macropus\" \/>\n<meta property=\"og:description\" content=\"Peto tex\u00e0 clar - Macropus\" \/>\n<meta property=\"og:url\" content=\"https:\/\/macrop.us\/ca\/shop\/peto-ca\/peto-menta-copia-copia\/\" \/>\n<meta property=\"og:site_name\" content=\"Macropus\" \/>\n<meta property=\"article:publisher\" content=\"https:\/\/www.facebook.com\/MixiwNotebooks\/\" \/>\n<meta property=\"article:modified_time\" content=\"2025-03-11T10:32:32+00:00\" \/>\n<meta property=\"og:image\" content=\"https:\/\/macrop.us\/wp-content\/uploads\/2025\/02\/macropus-18.jpg\" \/>\n\t<meta property=\"og:image:width\" content=\"1562\" \/>\n\t<meta property=\"og:image:height\" content=\"1900\" \/>\n\t<meta property=\"og:image:type\" content=\"image\/jpeg\" \/>\n<meta name=\"twitter:card\" content=\"summary_large_image\" \/>\n<meta name=\"twitter:site\" content=\"@mixiwnotebooks\" \/>\n<script type=\"application\/ld+json\" class=\"yoast-schema-graph\">{\"@context\":\"https:\/\/schema.org\",\"@graph\":[{\"@type\":\"WebPage\",\"@id\":\"https:\/\/macrop.us\/ca\/shop\/peto-ca\/peto-menta-copia-copia\/\",\"url\":\"https:\/\/macrop.us\/ca\/shop\/peto-ca\/peto-menta-copia-copia\/\",\"name\":\"Peto tex\u00e0 clar - Macropus\",\"isPartOf\":{\"@id\":\"https:\/\/macrop.us\/ca\/#website\"},\"primaryImageOfPage\":{\"@id\":\"https:\/\/macrop.us\/ca\/shop\/peto-ca\/peto-menta-copia-copia\/#primaryimage\"},\"image\":{\"@id\":\"https:\/\/macrop.us\/ca\/shop\/peto-ca\/peto-menta-copia-copia\/#primaryimage\"},\"thumbnailUrl\":\"https:\/\/macrop.us\/wp-content\/uploads\/2025\/02\/macropus-18.jpg\",\"datePublished\":\"2025-02-25T09:18:07+00:00\",\"dateModified\":\"2025-03-11T10:32:32+00:00\",\"description\":\"Peto tex\u00e0 clar - Macropus\",\"breadcrumb\":{\"@id\":\"https:\/\/macrop.us\/ca\/shop\/peto-ca\/peto-menta-copia-copia\/#breadcrumb\"},\"inLanguage\":\"ca-ES\",\"potentialAction\":[{\"@type\":\"ReadAction\",\"target\":[\"https:\/\/macrop.us\/ca\/shop\/peto-ca\/peto-menta-copia-copia\/\"]}]},{\"@type\":\"ImageObject\",\"inLanguage\":\"ca-ES\",\"@id\":\"https:\/\/macrop.us\/ca\/shop\/peto-ca\/peto-menta-copia-copia\/#primaryimage\",\"url\":\"https:\/\/macrop.us\/wp-content\/uploads\/2025\/02\/macropus-18.jpg\",\"contentUrl\":\"https:\/\/macrop.us\/wp-content\/uploads\/2025\/02\/macropus-18.jpg\",\"width\":1562,\"height\":1900},{\"@type\":\"BreadcrumbList\",\"@id\":\"https:\/\/macrop.us\/ca\/shop\/peto-ca\/peto-menta-copia-copia\/#breadcrumb\",\"itemListElement\":[{\"@type\":\"ListItem\",\"position\":1,\"name\":\"Home\",\"item\":\"https:\/\/macrop.us\/ca\/\"},{\"@type\":\"ListItem\",\"position\":2,\"name\":\"Botiga\",\"item\":\"https:\/\/macrop.us\/ca\/shop\/\"},{\"@type\":\"ListItem\",\"position\":3,\"name\":\"Peto tex\u00e0 clar\"}]},{\"@type\":\"WebSite\",\"@id\":\"https:\/\/macrop.us\/ca\/#website\",\"url\":\"https:\/\/macrop.us\/ca\/\",\"name\":\"Macropus\",\"description\":\"beating together\",\"publisher\":{\"@id\":\"https:\/\/macrop.us\/ca\/#organization\"},\"potentialAction\":[{\"@type\":\"SearchAction\",\"target\":{\"@type\":\"EntryPoint\",\"urlTemplate\":\"https:\/\/macrop.us\/ca\/?s={search_term_string}\"},\"query-input\":{\"@type\":\"PropertyValueSpecification\",\"valueRequired\":true,\"valueName\":\"search_term_string\"}}],\"inLanguage\":\"ca-ES\"},{\"@type\":\"Organization\",\"@id\":\"https:\/\/macrop.us\/ca\/#organization\",\"name\":\"Mixiw Notebooks\",\"url\":\"https:\/\/macrop.us\/ca\/\",\"logo\":{\"@type\":\"ImageObject\",\"inLanguage\":\"ca-ES\",\"@id\":\"https:\/\/macrop.us\/ca\/#\/schema\/logo\/image\/\",\"url\":\"https:\/\/macrop.us\/wp-content\/uploads\/2017\/03\/logo-mixiw-web.png\",\"contentUrl\":\"https:\/\/macrop.us\/wp-content\/uploads\/2017\/03\/logo-mixiw-web.png\",\"width\":175,\"height\":61,\"caption\":\"Mixiw Notebooks\"},\"image\":{\"@id\":\"https:\/\/macrop.us\/ca\/#\/schema\/logo\/image\/\"},\"sameAs\":[\"https:\/\/www.facebook.com\/MixiwNotebooks\/\",\"https:\/\/x.com\/mixiwnotebooks\",\"https:\/\/www.instagram.com\/mixiwnotebooks\/\",\"https:\/\/es.pinterest.com\/mixiwnotebooks\/\",\"https:\/\/www.youtube.com\/channel\/UC1bz7dja_O_bfGkFkmVf0XQ\"]}]}<\/script>\n<!-- \/ Yoast SEO plugin. -->","yoast_head_json":{"title":"Peto tex\u00e0 clar - Macropus","description":"Peto tex\u00e0 clar - Macropus","robots":{"index":"index","follow":"follow","max-snippet":"max-snippet:-1","max-image-preview":"max-image-preview:large","max-video-preview":"max-video-preview:-1"},"canonical":"https:\/\/macrop.us\/ca\/shop\/peto-ca\/peto-menta-copia-copia\/","og_locale":"ca_ES","og_type":"article","og_title":"Peto tex\u00e0 clar - Macropus","og_description":"Peto tex\u00e0 clar - Macropus","og_url":"https:\/\/macrop.us\/ca\/shop\/peto-ca\/peto-menta-copia-copia\/","og_site_name":"Macropus","article_publisher":"https:\/\/www.facebook.com\/MixiwNotebooks\/","article_modified_time":"2025-03-11T10:32:32+00:00","og_image":[{"width":1562,"height":1900,"url":"https:\/\/macrop.us\/wp-content\/uploads\/2025\/02\/macropus-18.jpg","type":"image\/jpeg"}],"twitter_card":"summary_large_image","twitter_site":"@mixiwnotebooks","schema":{"@context":"https:\/\/schema.org","@graph":[{"@type":"WebPage","@id":"https:\/\/macrop.us\/ca\/shop\/peto-ca\/peto-menta-copia-copia\/","url":"https:\/\/macrop.us\/ca\/shop\/peto-ca\/peto-menta-copia-copia\/","name":"Peto tex\u00e0 clar - Macropus","isPartOf":{"@id":"https:\/\/macrop.us\/ca\/#website"},"primaryImageOfPage":{"@id":"https:\/\/macrop.us\/ca\/shop\/peto-ca\/peto-menta-copia-copia\/#primaryimage"},"image":{"@id":"https:\/\/macrop.us\/ca\/shop\/peto-ca\/peto-menta-copia-copia\/#primaryimage"},"thumbnailUrl":"https:\/\/macrop.us\/wp-content\/uploads\/2025\/02\/macropus-18.jpg","datePublished":"2025-02-25T09:18:07+00:00","dateModified":"2025-03-11T10:32:32+00:00","description":"Peto tex\u00e0 clar - Macropus","breadcrumb":{"@id":"https:\/\/macrop.us\/ca\/shop\/peto-ca\/peto-menta-copia-copia\/#breadcrumb"},"inLanguage":"ca-ES","potentialAction":[{"@type":"ReadAction","target":["https:\/\/macrop.us\/ca\/shop\/peto-ca\/peto-menta-copia-copia\/"]}]},{"@type":"ImageObject","inLanguage":"ca-ES","@id":"https:\/\/macrop.us\/ca\/shop\/peto-ca\/peto-menta-copia-copia\/#primaryimage","url":"https:\/\/macrop.us\/wp-content\/uploads\/2025\/02\/macropus-18.jpg","contentUrl":"https:\/\/macrop.us\/wp-content\/uploads\/2025\/02\/macropus-18.jpg","width":1562,"height":1900},{"@type":"BreadcrumbList","@id":"https:\/\/macrop.us\/ca\/shop\/peto-ca\/peto-menta-copia-copia\/#breadcrumb","itemListElement":[{"@type":"ListItem","position":1,"name":"Home","item":"https:\/\/macrop.us\/ca\/"},{"@type":"ListItem","position":2,"name":"Botiga","item":"https:\/\/macrop.us\/ca\/shop\/"},{"@type":"ListItem","position":3,"name":"Peto tex\u00e0 clar"}]},{"@type":"WebSite","@id":"https:\/\/macrop.us\/ca\/#website","url":"https:\/\/macrop.us\/ca\/","name":"Macropus","description":"beating together","publisher":{"@id":"https:\/\/macrop.us\/ca\/#organization"},"potentialAction":[{"@type":"SearchAction","target":{"@type":"EntryPoint","urlTemplate":"https:\/\/macrop.us\/ca\/?s={search_term_string}"},"query-input":{"@type":"PropertyValueSpecification","valueRequired":true,"valueName":"search_term_string"}}],"inLanguage":"ca-ES"},{"@type":"Organization","@id":"https:\/\/macrop.us\/ca\/#organization","name":"Mixiw Notebooks","url":"https:\/\/macrop.us\/ca\/","logo":{"@type":"ImageObject","inLanguage":"ca-ES","@id":"https:\/\/macrop.us\/ca\/#\/schema\/logo\/image\/","url":"https:\/\/macrop.us\/wp-content\/uploads\/2017\/03\/logo-mixiw-web.png","contentUrl":"https:\/\/macrop.us\/wp-content\/uploads\/2017\/03\/logo-mixiw-web.png","width":175,"height":61,"caption":"Mixiw Notebooks"},"image":{"@id":"https:\/\/macrop.us\/ca\/#\/schema\/logo\/image\/"},"sameAs":["https:\/\/www.facebook.com\/MixiwNotebooks\/","https:\/\/x.com\/mixiwnotebooks","https:\/\/www.instagram.com\/mixiwnotebooks\/","https:\/\/es.pinterest.com\/mixiwnotebooks\/","https:\/\/www.youtube.com\/channel\/UC1bz7dja_O_bfGkFkmVf0XQ"]}]}},"jetpack_sharing_enabled":true,"_links":{"self":[{"href":"https:\/\/macrop.us\/ca\/wp-json\/wp\/v2\/product\/37680","targetHints":{"allow":["GET"]}}],"collection":[{"href":"https:\/\/macrop.us\/ca\/wp-json\/wp\/v2\/product"}],"about":[{"href":"https:\/\/macrop.us\/ca\/wp-json\/wp\/v2\/types\/product"}],"wp:featuredmedia":[{"embeddable":true,"href":"https:\/\/macrop.us\/ca\/wp-json\/wp\/v2\/media\/37916"}],"wp:attachment":[{"href":"https:\/\/macrop.us\/ca\/wp-json\/wp\/v2\/media?parent=37680"}],"wp:term":[{"taxonomy":"product_brand","embeddable":true,"href":"https:\/\/macrop.us\/ca\/wp-json\/wp\/v2\/product_brand?post=37680"},{"taxonomy":"product_cat","embeddable":true,"href":"https:\/\/macrop.us\/ca\/wp-json\/wp\/v2\/product_cat?post=37680"},{"taxonomy":"product_tag","embeddable":true,"href":"https:\/\/macrop.us\/ca\/wp-json\/wp\/v2\/product_tag?post=37680"}],"curies":[{"name":"wp","href":"https:\/\/api.w.org\/{rel}","templated":true}]}}