{"id":38784,"date":"2026-02-26T15:57:13","date_gmt":"2026-02-26T14:57:13","guid":{"rendered":"https:\/\/macrop.us\/product\/bandolera-porteig-toddler-camel-lleopard\/"},"modified":"2026-02-26T15:57:13","modified_gmt":"2026-02-26T14:57:13","slug":"bandolera-porteig-toddler-camel-lleopard","status":"publish","type":"product","link":"https:\/\/macrop.us\/ca\/shop\/portanadons\/bandolera-ca\/bandolera-porteig-toddler-camel-lleopard\/","title":{"rendered":"Bandolera porteig toddler camel lleopard"},"content":{"rendered":"<p><strong>Composici\u00f3:<\/strong>\u00a0exterior: 48% cot\u00f3, 36 poli\u00e8ster, 16% poliacr\u00edlic. Interior : 100% cot\u00f3<\/p>\n<p><strong>Instruccions per la cura de la pe\u00e7a :<\/strong><\/p>\n<p><img loading=\"lazy\" decoding=\"async\" class=\"alignnone size-full wp-image-35670 aligncenter\" src=\"https:\/\/macrop.us\/wp-content\/uploads\/2023\/03\/icones_rentat_petos.png\" sizes=\"auto, (max-width: 308px) 100vw, 308px\" srcset=\"https:\/\/macrop.us\/wp-content\/uploads\/2023\/03\/icones_rentat_petos.png 308w, https:\/\/macrop.us\/wp-content\/uploads\/2023\/03\/icones_rentat_petos-300x61.png 300w\" alt=\"\" width=\"308\" height=\"63\" \/><\/p>\n","protected":false},"excerpt":{"rendered":"<p>Bandolera de cot\u00f3 amb tensor regulador de sivella. \u00c9s un portanad\u00f3 apte des de els 8 mesos fins als 4 anys. Des de que el nad\u00f3 ja seu sol fins als 20kg. Porteig al maluc. Teixit de cot\u00f3 100%. F\u00e0cil d\u2019ajustar amb regulador de sivella.<\/p>\n","protected":false},"featured_media":38770,"template":"","meta":{"_joinchat":[]},"product_brand":[],"product_cat":[253],"product_tag":[],"class_list":{"0":"post-38784","1":"product","2":"type-product","3":"status-publish","4":"has-post-thumbnail","6":"product_cat-bandolera-ca","8":"first","9":"instock","10":"taxable","11":"shipping-taxable","12":"purchasable","13":"product-type-simple"},"yoast_head":"<!-- This site is optimized with the Yoast SEO plugin v27.2 - https:\/\/yoast.com\/product\/yoast-seo-wordpress\/ -->\n<title>Bandolera porteig toddler camel lleopard - Macropus<\/title>\n<meta name=\"description\" content=\"Bandolera porteig lleopard\" \/>\n<meta name=\"robots\" content=\"index, follow, max-snippet:-1, max-image-preview:large, max-video-preview:-1\" \/>\n<link rel=\"canonical\" href=\"https:\/\/macrop.us\/ca\/shop\/portanadons\/bandolera-ca\/bandolera-porteig-toddler-camel-lleopard\/\" \/>\n<meta property=\"og:locale\" content=\"ca_ES\" \/>\n<meta property=\"og:type\" content=\"article\" \/>\n<meta property=\"og:title\" content=\"Bandolera porteig toddler camel lleopard - Macropus\" \/>\n<meta property=\"og:description\" content=\"Bandolera porteig lleopard\" \/>\n<meta property=\"og:url\" content=\"https:\/\/macrop.us\/ca\/shop\/portanadons\/bandolera-ca\/bandolera-porteig-toddler-camel-lleopard\/\" \/>\n<meta property=\"og:site_name\" content=\"Macropus\" \/>\n<meta property=\"article:publisher\" content=\"https:\/\/www.facebook.com\/MixiwNotebooks\/\" \/>\n<meta property=\"og:image\" content=\"https:\/\/macrop.us\/wp-content\/uploads\/2026\/02\/Bandolera.leopardo.jpg\" \/>\n\t<meta property=\"og:image:width\" content=\"1700\" \/>\n\t<meta property=\"og:image:height\" content=\"2066\" \/>\n\t<meta property=\"og:image:type\" content=\"image\/jpeg\" \/>\n<meta name=\"twitter:card\" content=\"summary_large_image\" \/>\n<meta name=\"twitter:site\" content=\"@mixiwnotebooks\" \/>\n<script type=\"application\/ld+json\" class=\"yoast-schema-graph\">{\"@context\":\"https:\/\/schema.org\",\"@graph\":[{\"@type\":\"WebPage\",\"@id\":\"https:\/\/macrop.us\/ca\/shop\/portanadons\/bandolera-ca\/bandolera-porteig-toddler-camel-lleopard\/\",\"url\":\"https:\/\/macrop.us\/ca\/shop\/portanadons\/bandolera-ca\/bandolera-porteig-toddler-camel-lleopard\/\",\"name\":\"Bandolera porteig toddler camel lleopard - Macropus\",\"isPartOf\":{\"@id\":\"https:\/\/macrop.us\/ca\/#website\"},\"primaryImageOfPage\":{\"@id\":\"https:\/\/macrop.us\/ca\/shop\/portanadons\/bandolera-ca\/bandolera-porteig-toddler-camel-lleopard\/#primaryimage\"},\"image\":{\"@id\":\"https:\/\/macrop.us\/ca\/shop\/portanadons\/bandolera-ca\/bandolera-porteig-toddler-camel-lleopard\/#primaryimage\"},\"thumbnailUrl\":\"https:\/\/macrop.us\/wp-content\/uploads\/2026\/02\/Bandolera.leopardo.jpg\",\"datePublished\":\"2026-02-26T14:57:13+00:00\",\"description\":\"Bandolera porteig lleopard\",\"breadcrumb\":{\"@id\":\"https:\/\/macrop.us\/ca\/shop\/portanadons\/bandolera-ca\/bandolera-porteig-toddler-camel-lleopard\/#breadcrumb\"},\"inLanguage\":\"ca-ES\",\"potentialAction\":[{\"@type\":\"ReadAction\",\"target\":[\"https:\/\/macrop.us\/ca\/shop\/portanadons\/bandolera-ca\/bandolera-porteig-toddler-camel-lleopard\/\"]}]},{\"@type\":\"ImageObject\",\"inLanguage\":\"ca-ES\",\"@id\":\"https:\/\/macrop.us\/ca\/shop\/portanadons\/bandolera-ca\/bandolera-porteig-toddler-camel-lleopard\/#primaryimage\",\"url\":\"https:\/\/macrop.us\/wp-content\/uploads\/2026\/02\/Bandolera.leopardo.jpg\",\"contentUrl\":\"https:\/\/macrop.us\/wp-content\/uploads\/2026\/02\/Bandolera.leopardo.jpg\",\"width\":1700,\"height\":2066},{\"@type\":\"BreadcrumbList\",\"@id\":\"https:\/\/macrop.us\/ca\/shop\/portanadons\/bandolera-ca\/bandolera-porteig-toddler-camel-lleopard\/#breadcrumb\",\"itemListElement\":[{\"@type\":\"ListItem\",\"position\":1,\"name\":\"Home\",\"item\":\"https:\/\/macrop.us\/ca\/\"},{\"@type\":\"ListItem\",\"position\":2,\"name\":\"Botiga\",\"item\":\"https:\/\/macrop.us\/ca\/shop\/\"},{\"@type\":\"ListItem\",\"position\":3,\"name\":\"Bandolera porteig toddler camel lleopard\"}]},{\"@type\":\"WebSite\",\"@id\":\"https:\/\/macrop.us\/ca\/#website\",\"url\":\"https:\/\/macrop.us\/ca\/\",\"name\":\"Macropus\",\"description\":\"beating together\",\"publisher\":{\"@id\":\"https:\/\/macrop.us\/ca\/#organization\"},\"potentialAction\":[{\"@type\":\"SearchAction\",\"target\":{\"@type\":\"EntryPoint\",\"urlTemplate\":\"https:\/\/macrop.us\/ca\/?s={search_term_string}\"},\"query-input\":{\"@type\":\"PropertyValueSpecification\",\"valueRequired\":true,\"valueName\":\"search_term_string\"}}],\"inLanguage\":\"ca-ES\"},{\"@type\":\"Organization\",\"@id\":\"https:\/\/macrop.us\/ca\/#organization\",\"name\":\"Mixiw Notebooks\",\"url\":\"https:\/\/macrop.us\/ca\/\",\"logo\":{\"@type\":\"ImageObject\",\"inLanguage\":\"ca-ES\",\"@id\":\"https:\/\/macrop.us\/ca\/#\/schema\/logo\/image\/\",\"url\":\"https:\/\/macrop.us\/wp-content\/uploads\/2017\/03\/logo-mixiw-web.png\",\"contentUrl\":\"https:\/\/macrop.us\/wp-content\/uploads\/2017\/03\/logo-mixiw-web.png\",\"width\":175,\"height\":61,\"caption\":\"Mixiw Notebooks\"},\"image\":{\"@id\":\"https:\/\/macrop.us\/ca\/#\/schema\/logo\/image\/\"},\"sameAs\":[\"https:\/\/www.facebook.com\/MixiwNotebooks\/\",\"https:\/\/x.com\/mixiwnotebooks\",\"https:\/\/www.instagram.com\/mixiwnotebooks\/\",\"https:\/\/es.pinterest.com\/mixiwnotebooks\/\",\"https:\/\/www.youtube.com\/channel\/UC1bz7dja_O_bfGkFkmVf0XQ\"]}]}<\/script>\n<!-- \/ Yoast SEO plugin. -->","yoast_head_json":{"title":"Bandolera porteig toddler camel lleopard - Macropus","description":"Bandolera porteig lleopard","robots":{"index":"index","follow":"follow","max-snippet":"max-snippet:-1","max-image-preview":"max-image-preview:large","max-video-preview":"max-video-preview:-1"},"canonical":"https:\/\/macrop.us\/ca\/shop\/portanadons\/bandolera-ca\/bandolera-porteig-toddler-camel-lleopard\/","og_locale":"ca_ES","og_type":"article","og_title":"Bandolera porteig toddler camel lleopard - Macropus","og_description":"Bandolera porteig lleopard","og_url":"https:\/\/macrop.us\/ca\/shop\/portanadons\/bandolera-ca\/bandolera-porteig-toddler-camel-lleopard\/","og_site_name":"Macropus","article_publisher":"https:\/\/www.facebook.com\/MixiwNotebooks\/","og_image":[{"width":1700,"height":2066,"url":"https:\/\/macrop.us\/wp-content\/uploads\/2026\/02\/Bandolera.leopardo.jpg","type":"image\/jpeg"}],"twitter_card":"summary_large_image","twitter_site":"@mixiwnotebooks","schema":{"@context":"https:\/\/schema.org","@graph":[{"@type":"WebPage","@id":"https:\/\/macrop.us\/ca\/shop\/portanadons\/bandolera-ca\/bandolera-porteig-toddler-camel-lleopard\/","url":"https:\/\/macrop.us\/ca\/shop\/portanadons\/bandolera-ca\/bandolera-porteig-toddler-camel-lleopard\/","name":"Bandolera porteig toddler camel lleopard - Macropus","isPartOf":{"@id":"https:\/\/macrop.us\/ca\/#website"},"primaryImageOfPage":{"@id":"https:\/\/macrop.us\/ca\/shop\/portanadons\/bandolera-ca\/bandolera-porteig-toddler-camel-lleopard\/#primaryimage"},"image":{"@id":"https:\/\/macrop.us\/ca\/shop\/portanadons\/bandolera-ca\/bandolera-porteig-toddler-camel-lleopard\/#primaryimage"},"thumbnailUrl":"https:\/\/macrop.us\/wp-content\/uploads\/2026\/02\/Bandolera.leopardo.jpg","datePublished":"2026-02-26T14:57:13+00:00","description":"Bandolera porteig lleopard","breadcrumb":{"@id":"https:\/\/macrop.us\/ca\/shop\/portanadons\/bandolera-ca\/bandolera-porteig-toddler-camel-lleopard\/#breadcrumb"},"inLanguage":"ca-ES","potentialAction":[{"@type":"ReadAction","target":["https:\/\/macrop.us\/ca\/shop\/portanadons\/bandolera-ca\/bandolera-porteig-toddler-camel-lleopard\/"]}]},{"@type":"ImageObject","inLanguage":"ca-ES","@id":"https:\/\/macrop.us\/ca\/shop\/portanadons\/bandolera-ca\/bandolera-porteig-toddler-camel-lleopard\/#primaryimage","url":"https:\/\/macrop.us\/wp-content\/uploads\/2026\/02\/Bandolera.leopardo.jpg","contentUrl":"https:\/\/macrop.us\/wp-content\/uploads\/2026\/02\/Bandolera.leopardo.jpg","width":1700,"height":2066},{"@type":"BreadcrumbList","@id":"https:\/\/macrop.us\/ca\/shop\/portanadons\/bandolera-ca\/bandolera-porteig-toddler-camel-lleopard\/#breadcrumb","itemListElement":[{"@type":"ListItem","position":1,"name":"Home","item":"https:\/\/macrop.us\/ca\/"},{"@type":"ListItem","position":2,"name":"Botiga","item":"https:\/\/macrop.us\/ca\/shop\/"},{"@type":"ListItem","position":3,"name":"Bandolera porteig toddler camel lleopard"}]},{"@type":"WebSite","@id":"https:\/\/macrop.us\/ca\/#website","url":"https:\/\/macrop.us\/ca\/","name":"Macropus","description":"beating together","publisher":{"@id":"https:\/\/macrop.us\/ca\/#organization"},"potentialAction":[{"@type":"SearchAction","target":{"@type":"EntryPoint","urlTemplate":"https:\/\/macrop.us\/ca\/?s={search_term_string}"},"query-input":{"@type":"PropertyValueSpecification","valueRequired":true,"valueName":"search_term_string"}}],"inLanguage":"ca-ES"},{"@type":"Organization","@id":"https:\/\/macrop.us\/ca\/#organization","name":"Mixiw Notebooks","url":"https:\/\/macrop.us\/ca\/","logo":{"@type":"ImageObject","inLanguage":"ca-ES","@id":"https:\/\/macrop.us\/ca\/#\/schema\/logo\/image\/","url":"https:\/\/macrop.us\/wp-content\/uploads\/2017\/03\/logo-mixiw-web.png","contentUrl":"https:\/\/macrop.us\/wp-content\/uploads\/2017\/03\/logo-mixiw-web.png","width":175,"height":61,"caption":"Mixiw Notebooks"},"image":{"@id":"https:\/\/macrop.us\/ca\/#\/schema\/logo\/image\/"},"sameAs":["https:\/\/www.facebook.com\/MixiwNotebooks\/","https:\/\/x.com\/mixiwnotebooks","https:\/\/www.instagram.com\/mixiwnotebooks\/","https:\/\/es.pinterest.com\/mixiwnotebooks\/","https:\/\/www.youtube.com\/channel\/UC1bz7dja_O_bfGkFkmVf0XQ"]}]}},"jetpack_sharing_enabled":true,"_links":{"self":[{"href":"https:\/\/macrop.us\/ca\/wp-json\/wp\/v2\/product\/38784","targetHints":{"allow":["GET"]}}],"collection":[{"href":"https:\/\/macrop.us\/ca\/wp-json\/wp\/v2\/product"}],"about":[{"href":"https:\/\/macrop.us\/ca\/wp-json\/wp\/v2\/types\/product"}],"wp:featuredmedia":[{"embeddable":true,"href":"https:\/\/macrop.us\/ca\/wp-json\/wp\/v2\/media\/38770"}],"wp:attachment":[{"href":"https:\/\/macrop.us\/ca\/wp-json\/wp\/v2\/media?parent=38784"}],"wp:term":[{"taxonomy":"product_brand","embeddable":true,"href":"https:\/\/macrop.us\/ca\/wp-json\/wp\/v2\/product_brand?post=38784"},{"taxonomy":"product_cat","embeddable":true,"href":"https:\/\/macrop.us\/ca\/wp-json\/wp\/v2\/product_cat?post=38784"},{"taxonomy":"product_tag","embeddable":true,"href":"https:\/\/macrop.us\/ca\/wp-json\/wp\/v2\/product_tag?post=38784"}],"curies":[{"name":"wp","href":"https:\/\/api.w.org\/{rel}","templated":true}]}}